{"id":2881,"date":"2025-04-10T19:27:32","date_gmt":"2025-04-10T16:27:32","guid":{"rendered":"https:\/\/www.mkworkwear.com\/tamirat\/"},"modified":"2025-12-17T21:28:00","modified_gmt":"2025-12-17T18:28:00","slug":"repair-service","status":"publish","type":"page","link":"https:\/\/www.mkworkwear.com\/en\/repair-service\/","title":{"rendered":"Repair Service"},"content":{"rendered":"\r\n\n\t<section class=\"section\" id=\"section_1904953348\">\n\t\t<div class=\"section-bg fill\" >\n\t\t\t\t\t\t\t\t\t\n\t\t\t\n\n\t\t<\/div>\n\n\t\t\n\n\t\t<div class=\"section-content relative\">\n\t\t\t \t<div id=\"gap-1680867765\" class=\"gap-element clearfix\" style=\"display:block; height:auto;\">\n\t\t\n<style>\n#gap-1680867765 {\n  padding-top: 30px;\n}\n<\/style>\n\t<\/div>\n\t <div class=\"row\"  id=\"row-391004352\"> \n\t<div id=\"col-1812229855\" class=\"col medium-12 small-12 large-8\"  >\n\t\t\t\t<div class=\"col-inner\"  >\n\t\t\t\n\t\t\t \n  <div class=\"banner has-hover\" id=\"banner-1608333946\">\n          <div class=\"banner-inner fill\">\n        <div class=\"banner-bg fill\" >\n                                                \n                    <\/div>\n\t\t\n        <div class=\"banner-layers container\">\n            <div class=\"fill banner-link\"><\/div>                <div id=\"text-box-1631559059\" class=\"text-box banner-layer x50 md-x50 lg-x50 y50 md-y50 lg-y50 res-text\">\n                                <div class=\"text-box-content text dark\">\n              \n              <div class=\"text-inner text-center\">\n                                 <\/div>\n           <\/div>\n                            \n<style>\n#text-box-1631559059 {\n  width: 60%;\n}\n#text-box-1631559059 .text-box-content {\n  font-size: 100%;\n}\n@media (min-width:550px) {\n  #text-box-1631559059 {\n    width: 60%;\n  }\n}\n<\/style>\n    <\/div>\n          <\/div>\n      <\/div>\n\n            \n<style>\n#banner-1608333946 {\n  padding-top: 300px;\n  background-color: rgba(255, 255, 255, 0);\n}\n@media (min-width:550px) {\n  #banner-1608333946 {\n    padding-top: 450px;\n  }\n}\n<\/style>\n  <\/div>\n\n \t\t<\/div>\n\t\t\t\t\t<\/div>\n\n\t <\/div> <div class=\"row align-right\"  id=\"row-320735946\"> \n\t<div id=\"col-266590919\" class=\"col medium-12 small-12 large-6\"  >\n\t\t\t\t<div class=\"col-inner\" style=\"background-color:rgb(255, 255, 255);\" >\n\t\t\t\n\t\t\t \t<div id=\"text-2356465243\" class=\"text\">\n\t\t\r\n<h2>Where it all started<\/h2>\r\n\t\t\n<style>\n#text-2356465243 {\n  font-size: 1.25rem;\n}\n<\/style>\n\t<\/div>\n\t\r\n<p>Lorem ipsum dolor sit amet consectetuer adipiscing elit sed diam nonummy nibh euismod tincidunt ut laoreet dolore magna aliquam erat volutpat. Lorem ipsum sed diam nonummy nibh euismod tincidunt ut laoreet dolore magna aliquam erat volutpat.<\/p>\r\n<a class=\"button secondary\" style=\"border-radius:5px;padding:5px 20px 5px 20px;\">\n\t\t<span>More about us<\/span>\n\t<\/a>\n \t\t<\/div>\n\t\t\t\t\n<style>\n#col-266590919 > .col-inner {\n  padding: 7% 8% 5% 8%;\n  margin: -50px 0 0px 0px;\n}\n@media (min-width:550px) {\n  #col-266590919 > .col-inner {\n    padding: 6% 8% 5% 8%;\n  }\n}\n@media (min-width:850px) {\n  #col-266590919 > .col-inner {\n    padding: 8% 8% 5% 8%;\n    margin: -290px 0px 0px 0px;\n  }\n}\n<\/style>\n\t<\/div>\n\n\t <\/div> \t\t<\/div>\n\n\t\t\n<style>\n#section_1904953348 {\n  padding-top: 30px;\n  padding-bottom: 30px;\n  background-color: #273647;\n}\n@media (min-width:550px) {\n  #section_1904953348 {\n    padding-top: 50px;\n    padding-bottom: 50px;\n  }\n}\n<\/style>\n\t<\/section>\n\t\r\n","protected":false},"excerpt":{"rendered":"","protected":false},"author":16,"featured_media":0,"parent":0,"menu_order":0,"comment_status":"closed","ping_status":"closed","template":"page-transparent-header-light.php","meta":{"footnotes":""},"class_list":["post-2881","page","type-page","status-publish","hentry"],"yoast_head":"<!-- This site is optimized with the Yoast SEO plugin v27.5 - https:\/\/yoast.com\/product\/yoast-seo-wordpress\/ -->\n<title>Repair Service | MKWorkwear<\/title>\n<meta name=\"robots\" content=\"index, follow, max-snippet:-1, max-image-preview:large, max-video-preview:-1\" \/>\n<link rel=\"canonical\" href=\"https:\/\/www.mkworkwear.com\/en\/repair-service\/\" \/>\n<meta property=\"og:locale\" content=\"en_US\" \/>\n<meta property=\"og:type\" content=\"article\" \/>\n<meta property=\"og:title\" content=\"Repair Service | MKWorkwear\" \/>\n<meta property=\"og:url\" content=\"https:\/\/www.mkworkwear.com\/en\/repair-service\/\" \/>\n<meta property=\"og:site_name\" content=\"MKWorkwear\" \/>\n<meta property=\"article:publisher\" content=\"https:\/\/www.facebook.com\/mkworkwear\/\" \/>\n<meta property=\"article:modified_time\" content=\"2025-12-17T18:28:00+00:00\" \/>\n<meta name=\"twitter:card\" content=\"summary_large_image\" \/>\n<meta name=\"twitter:label1\" content=\"Est. reading time\" \/>\n\t<meta name=\"twitter:data1\" content=\"1 minute\" \/>\n<script type=\"application\/ld+json\" class=\"yoast-schema-graph\">{\"@context\":\"https:\\\/\\\/schema.org\",\"@graph\":[{\"@type\":\"WebPage\",\"@id\":\"https:\\\/\\\/www.mkworkwear.com\\\/en\\\/repair-service\\\/\",\"url\":\"https:\\\/\\\/www.mkworkwear.com\\\/en\\\/repair-service\\\/\",\"name\":\"Repair Service | MKWorkwear\",\"isPartOf\":{\"@id\":\"https:\\\/\\\/www.mkworkwear.com\\\/en\\\/#website\"},\"datePublished\":\"2025-04-10T16:27:32+00:00\",\"dateModified\":\"2025-12-17T18:28:00+00:00\",\"breadcrumb\":{\"@id\":\"https:\\\/\\\/www.mkworkwear.com\\\/en\\\/repair-service\\\/#breadcrumb\"},\"inLanguage\":\"en-US\",\"potentialAction\":[{\"@type\":\"ReadAction\",\"target\":[\"https:\\\/\\\/www.mkworkwear.com\\\/en\\\/repair-service\\\/\"]}]},{\"@type\":\"BreadcrumbList\",\"@id\":\"https:\\\/\\\/www.mkworkwear.com\\\/en\\\/repair-service\\\/#breadcrumb\",\"itemListElement\":[{\"@type\":\"ListItem\",\"position\":1,\"name\":\"Anasayfa\",\"item\":\"https:\\\/\\\/www.mkworkwear.com\\\/en\\\/\"},{\"@type\":\"ListItem\",\"position\":2,\"name\":\"Repair Service\"}]},{\"@type\":\"WebSite\",\"@id\":\"https:\\\/\\\/www.mkworkwear.com\\\/en\\\/#website\",\"url\":\"https:\\\/\\\/www.mkworkwear.com\\\/en\\\/\",\"name\":\"MKWorkwear\",\"description\":\"\u0130\u015f K\u0131yafetlerinde Lider Marka\",\"publisher\":{\"@id\":\"https:\\\/\\\/www.mkworkwear.com\\\/en\\\/#organization\"},\"potentialAction\":[{\"@type\":\"SearchAction\",\"target\":{\"@type\":\"EntryPoint\",\"urlTemplate\":\"https:\\\/\\\/www.mkworkwear.com\\\/en\\\/?s={search_term_string}\"},\"query-input\":{\"@type\":\"PropertyValueSpecification\",\"valueRequired\":true,\"valueName\":\"search_term_string\"}}],\"inLanguage\":\"en-US\"},{\"@type\":\"Organization\",\"@id\":\"https:\\\/\\\/www.mkworkwear.com\\\/en\\\/#organization\",\"name\":\"MKWorkwear\",\"url\":\"https:\\\/\\\/www.mkworkwear.com\\\/en\\\/\",\"logo\":{\"@type\":\"ImageObject\",\"inLanguage\":\"en-US\",\"@id\":\"https:\\\/\\\/www.mkworkwear.com\\\/en\\\/#\\\/schema\\\/logo\\\/image\\\/\",\"url\":\"https:\\\/\\\/www.mkworkwear.com\\\/wp-content\\\/uploads\\\/2026\\\/02\\\/Logo-siyah.webp\",\"contentUrl\":\"https:\\\/\\\/www.mkworkwear.com\\\/wp-content\\\/uploads\\\/2026\\\/02\\\/Logo-siyah.webp\",\"width\":60,\"height\":60,\"caption\":\"MKWorkwear\"},\"image\":{\"@id\":\"https:\\\/\\\/www.mkworkwear.com\\\/en\\\/#\\\/schema\\\/logo\\\/image\\\/\"},\"sameAs\":[\"https:\\\/\\\/www.facebook.com\\\/mkworkwear\\\/\",\"https:\\\/\\\/www.instagram.com\\\/mkworkwearofficial\\\/\"]}]}<\/script>\n<!-- \/ Yoast SEO plugin. -->","yoast_head_json":{"title":"Repair Service | MKWorkwear","robots":{"index":"index","follow":"follow","max-snippet":"max-snippet:-1","max-image-preview":"max-image-preview:large","max-video-preview":"max-video-preview:-1"},"canonical":"https:\/\/www.mkworkwear.com\/en\/repair-service\/","og_locale":"en_US","og_type":"article","og_title":"Repair Service | MKWorkwear","og_url":"https:\/\/www.mkworkwear.com\/en\/repair-service\/","og_site_name":"MKWorkwear","article_publisher":"https:\/\/www.facebook.com\/mkworkwear\/","article_modified_time":"2025-12-17T18:28:00+00:00","twitter_card":"summary_large_image","twitter_misc":{"Est. reading time":"1 minute"},"schema":{"@context":"https:\/\/schema.org","@graph":[{"@type":"WebPage","@id":"https:\/\/www.mkworkwear.com\/en\/repair-service\/","url":"https:\/\/www.mkworkwear.com\/en\/repair-service\/","name":"Repair Service | MKWorkwear","isPartOf":{"@id":"https:\/\/www.mkworkwear.com\/en\/#website"},"datePublished":"2025-04-10T16:27:32+00:00","dateModified":"2025-12-17T18:28:00+00:00","breadcrumb":{"@id":"https:\/\/www.mkworkwear.com\/en\/repair-service\/#breadcrumb"},"inLanguage":"en-US","potentialAction":[{"@type":"ReadAction","target":["https:\/\/www.mkworkwear.com\/en\/repair-service\/"]}]},{"@type":"BreadcrumbList","@id":"https:\/\/www.mkworkwear.com\/en\/repair-service\/#breadcrumb","itemListElement":[{"@type":"ListItem","position":1,"name":"Anasayfa","item":"https:\/\/www.mkworkwear.com\/en\/"},{"@type":"ListItem","position":2,"name":"Repair Service"}]},{"@type":"WebSite","@id":"https:\/\/www.mkworkwear.com\/en\/#website","url":"https:\/\/www.mkworkwear.com\/en\/","name":"MKWorkwear","description":"\u0130\u015f K\u0131yafetlerinde Lider Marka","publisher":{"@id":"https:\/\/www.mkworkwear.com\/en\/#organization"},"potentialAction":[{"@type":"SearchAction","target":{"@type":"EntryPoint","urlTemplate":"https:\/\/www.mkworkwear.com\/en\/?s={search_term_string}"},"query-input":{"@type":"PropertyValueSpecification","valueRequired":true,"valueName":"search_term_string"}}],"inLanguage":"en-US"},{"@type":"Organization","@id":"https:\/\/www.mkworkwear.com\/en\/#organization","name":"MKWorkwear","url":"https:\/\/www.mkworkwear.com\/en\/","logo":{"@type":"ImageObject","inLanguage":"en-US","@id":"https:\/\/www.mkworkwear.com\/en\/#\/schema\/logo\/image\/","url":"https:\/\/www.mkworkwear.com\/wp-content\/uploads\/2026\/02\/Logo-siyah.webp","contentUrl":"https:\/\/www.mkworkwear.com\/wp-content\/uploads\/2026\/02\/Logo-siyah.webp","width":60,"height":60,"caption":"MKWorkwear"},"image":{"@id":"https:\/\/www.mkworkwear.com\/en\/#\/schema\/logo\/image\/"},"sameAs":["https:\/\/www.facebook.com\/mkworkwear\/","https:\/\/www.instagram.com\/mkworkwearofficial\/"]}]}},"jetpack_sharing_enabled":true,"_links":{"self":[{"href":"https:\/\/www.mkworkwear.com\/en\/wp-json\/wp\/v2\/pages\/2881","targetHints":{"allow":["GET"]}}],"collection":[{"href":"https:\/\/www.mkworkwear.com\/en\/wp-json\/wp\/v2\/pages"}],"about":[{"href":"https:\/\/www.mkworkwear.com\/en\/wp-json\/wp\/v2\/types\/page"}],"author":[{"embeddable":true,"href":"https:\/\/www.mkworkwear.com\/en\/wp-json\/wp\/v2\/users\/16"}],"replies":[{"embeddable":true,"href":"https:\/\/www.mkworkwear.com\/en\/wp-json\/wp\/v2\/comments?post=2881"}],"version-history":[{"count":0,"href":"https:\/\/www.mkworkwear.com\/en\/wp-json\/wp\/v2\/pages\/2881\/revisions"}],"wp:attachment":[{"href":"https:\/\/www.mkworkwear.com\/en\/wp-json\/wp\/v2\/media?parent=2881"}],"curies":[{"name":"wp","href":"https:\/\/api.w.org\/{rel}","templated":true}]}}