{"id":2875,"date":"2013-08-11T20:13:42","date_gmt":"2013-08-11T17:13:42","guid":{"rendered":"https:\/\/www.mkworkwear.com\/sikca-sorulan-sorular\/"},"modified":"2025-12-17T21:27:06","modified_gmt":"2025-12-17T18:27:06","slug":"frequently-asked-questions-faq","status":"publish","type":"page","link":"https:\/\/www.mkworkwear.com\/en\/frequently-asked-questions-faq\/","title":{"rendered":"Frequently Asked Questions (FAQ)"},"content":{"rendered":"\r\n\n  <div class=\"banner has-hover\" id=\"banner-1473581028\">\n          <div class=\"banner-inner fill\">\n        <div class=\"banner-bg fill\" >\n            <img decoding=\"async\" width=\"1020\" height=\"453\" src=\"https:\/\/www.mkworkwear.com\/wp-content\/uploads\/2025\/05\/dekor-1-1400x622.jpg\" class=\"bg attachment-large size-large\" alt=\"\" \/>                                    \n                    <\/div>\n\t\t\n        <div class=\"banner-layers container\">\n            <div class=\"fill banner-link\"><\/div>               <div id=\"text-box-993353110\" class=\"text-box banner-layer x50 md-x50 lg-x50 y50 md-y50 lg-y50 res-text\">\n                     <div data-animate=\"fadeIn\">           <div class=\"text-box-content text dark\">\n              \n              <div class=\"text-inner text-center\">\n                                 <\/div>\n           <\/div>\n       <\/div>                     \n<style>\n#text-box-993353110 {\n  width: 60%;\n}\n#text-box-993353110 .text-box-content {\n  font-size: 100%;\n}\n@media (min-width:550px) {\n  #text-box-993353110 {\n    width: 60%;\n  }\n}\n<\/style>\n    <\/div>\n         <\/div>\n      <\/div>\n\n            \n<style>\n#banner-1473581028 {\n  padding-top: 100px;\n}\n#banner-1473581028 .banner-bg img {\n  object-position: 48% 33%;\n}\n<\/style>\n  <\/div>\n\n \n\t<section class=\"section\" id=\"section_720100146\">\n\t\t<div class=\"section-bg fill\" >\n\t\t\t\t\t\t\t\t\t\n\t\t\t\n\n\t\t<\/div>\n\n\t\t\n\n\t\t<div class=\"section-content relative\">\n\t\t\t <div class=\"row\"  id=\"row-1492564964\"> \n\t<div id=\"col-822833955\" class=\"col small-12 large-12\"  >\n\t\t\t\t<div class=\"col-inner text-center\"  >\n\t\t\t\n\t\t\t\r\n<h2>S\u0131k\u00e7a Sorulan Sorular<\/h2>\r\n\t\t<\/div>\n\t\t\t\t\t<\/div>\n\n\t <\/div> <div class=\"row align-center\"  id=\"row-1970358848\"> \n\t<div id=\"col-239968174\" class=\"col medium-10 small-12 large-3\"  >\n\t\t\t\t<div class=\"col-inner\" style=\"background-color:rgb(245, 247, 251);\" >\n\t\t\t\n\t\t\t\r\n<h3>T\u00fcm Sorular<\/h3>\r\n<ul>\r\n<li><a href=\"#hesap\">Hesap<\/a><\/li>\r\n<li><a href=\"#sipari\u015f\">Sipari\u015f<\/a><\/li>\r\n<li><a href=\"#nak\u0131\u015f\">Nak\u0131\u015f<\/a><\/li>\r\n<li><a href=\"#\u00fcr\u00fcn bak\u0131m\u0131\">\u00dcr\u00fcn Bak\u0131m\u0131<\/a><\/li>\r\n<li><a href=\"#beden se\u00e7imi\">Beden Se\u00e7imi<\/a><\/li>\r\n<li><a href=\"#indirim kodlar\u0131\">\u0130ndirim Kodlar\u0131<\/a><\/li>\r\n<li><a href=\"#fatura\">Fatura<\/a><\/li>\r\n<li><a href=\"#\u0130ade &amp; De\u011fi\u015fim\">\u0130ade ve De\u011fi\u015fim<\/a><\/li>\r\n<\/ul>\r\n\t\t<\/div>\n\t\t\t\t\n<style>\n#col-239968174 > .col-inner {\n  padding: 20px 20px 20px 20px;\n}\n<\/style>\n\t<\/div>\n\n\t \n\t<div id=\"col-1173082400\" class=\"col medium-10 small-12 large-6\"  >\n\t\t\t\t<div class=\"col-inner\"  >\n\t\t\t\n\t\t\t <div class=\"row\"  id=\"row-2044734001\"> \n\t<div id=\"col-1732542875\" class=\"col small-12 large-12\"  >\n\t\t\t\t<div class=\"col-inner\"  >\n\t\t\t\n\t\t\t <span class=\"scroll-to\" data-label=\"Scroll to: #hesap\" data-bullet=\"false\" data-link=\"#hesap\" data-title=\"Hesap\"><a name=\"hesap\"><\/a><\/span>\r\n<h3>Hesap<\/h3>\r\n<div class=\"accordion\"> \t<div id=\"accordion-3202383030\" class=\"accordion-item\">\n\t\t<a id=\"accordion-3202383030-label\" class=\"accordion-title plain\" href=\"#accordion-item-hesab\u0131m\u0131-nas\u0131l-olu\u015fturabilirim?\" aria-expanded=\"false\" aria-controls=\"accordion-3202383030-content\">\n\t\t\t<button class=\"toggle\" aria-label=\"Toggle\"><i class=\"icon-angle-down\" aria-hidden=\"true\"><\/i><\/button>\n\t\t\t<span>Hesab\u0131m\u0131 nas\u0131l olu\u015fturabilirim?<\/span>\n\t\t<\/a>\n\t\t<div id=\"accordion-3202383030-content\" class=\"accordion-inner\" aria-labelledby=\"accordion-3202383030-label\">\n\t\t\t\r\n<p><span class=\"TextRun SCXW10598789 BCX0\" lang=\"TR-TR\" xml:lang=\"TR-TR\" data-contrast=\"auto\"><span class=\"NormalTextRun SCXW10598789 BCX0\"> Web sitemizin sa\u011f \u00fcst k\u00f6\u015fesindeki &#8220;<a href=\"https:\/\/www.mkworkwear.com\/hesabim\/\">Kay\u0131t Ol<\/a>&#8221; ba\u011flant\u0131s\u0131n\u0131 kullanarak kolayca bir hesap olu\u015fturabilirsiniz.\u00a0<\/span><\/span><\/p>\r\n\t\t<\/div>\n\t<\/div>\n\t \t<div id=\"accordion-2783444840\" class=\"accordion-item\">\n\t\t<a id=\"accordion-2783444840-label\" class=\"accordion-title plain\" href=\"#accordion-item-\u015eifremi-unuttum,-ne-yapmal\u0131y\u0131m?\" aria-expanded=\"false\" aria-controls=\"accordion-2783444840-content\">\n\t\t\t<button class=\"toggle\" aria-label=\"Toggle\"><i class=\"icon-angle-down\" aria-hidden=\"true\"><\/i><\/button>\n\t\t\t<span>\u015eifremi unuttum, ne yapmal\u0131y\u0131m?<\/span>\n\t\t<\/a>\n\t\t<div id=\"accordion-2783444840-content\" class=\"accordion-inner\" aria-labelledby=\"accordion-2783444840-label\">\n\t\t\t\r\n<p><span class=\"TextRun SCXW52404592 BCX0\" lang=\"TR-TR\" xml:lang=\"TR-TR\" data-contrast=\"auto\"><span class=\"NormalTextRun SCXW52404592 BCX0\"> Giri\u015f sayfas\u0131nda &#8220;\u015eifremi Unuttum&#8221; ba\u011flant\u0131s\u0131n\u0131 t\u0131klayarak \u015fifrenizi s\u0131f\u0131rlayabilirsiniz.\u00a0<\/span><\/span><\/p>\r\n\t\t<\/div>\n\t<\/div>\n\t <\/div> \t\t<\/div>\n\t\t\t\t\t<\/div>\n\n\t <\/div> <div class=\"row\"  id=\"row-687534569\"> \n\t<div id=\"col-2000979138\" class=\"col small-12 large-12\"  >\n\t\t\t\t<div class=\"col-inner\"  >\n\t\t\t\n\t\t\t <span class=\"scroll-to\" data-label=\"Scroll to: #sipari\u015f\" data-bullet=\"false\" data-link=\"#sipari\u015f\" data-title=\"Sipari\u015f\"><a name=\"sipari\u015f\"><\/a><\/span>\r\n<h3>Sipari\u015f<\/h3>\r\n<div class=\"accordion\"> \t<div id=\"accordion-74984401\" class=\"accordion-item\">\n\t\t<a id=\"accordion-74984401-label\" class=\"accordion-title plain\" href=\"#accordion-item-sipari\u015fimi-nas\u0131l-verebilirim?\" aria-expanded=\"false\" aria-controls=\"accordion-74984401-content\">\n\t\t\t<button class=\"toggle\" aria-label=\"Toggle\"><i class=\"icon-angle-down\" aria-hidden=\"true\"><\/i><\/button>\n\t\t\t<span>Sipari\u015fimi nas\u0131l verebilirim?<\/span>\n\t\t<\/a>\n\t\t<div id=\"accordion-74984401-content\" class=\"accordion-inner\" aria-labelledby=\"accordion-74984401-label\">\n\t\t\t\r\n<p><span class=\"TextRun SCXW179962707 BCX0\" lang=\"TR-TR\" xml:lang=\"TR-TR\" data-contrast=\"auto\"><span class=\"NormalTextRun SCXW179962707 BCX0\"> Be\u011fendi\u011finiz \u00fcr\u00fcnleri sepete ekleyerek ve \u00f6deme ad\u0131mlar\u0131n\u0131 takip ederek sipari\u015finizi tamamlayabilirsiniz.\u00a0<\/span><\/span><\/p>\r\n\t\t<\/div>\n\t<\/div>\n\t \t<div id=\"accordion-2302411499\" class=\"accordion-item\">\n\t\t<a id=\"accordion-2302411499-label\" class=\"accordion-title plain\" href=\"#accordion-item-sipari\u015fimi-nas\u0131l-takip-edebilirim?\" aria-expanded=\"false\" aria-controls=\"accordion-2302411499-content\">\n\t\t\t<button class=\"toggle\" aria-label=\"Toggle\"><i class=\"icon-angle-down\" aria-hidden=\"true\"><\/i><\/button>\n\t\t\t<span>Sipari\u015fimi nas\u0131l takip edebilirim?<\/span>\n\t\t<\/a>\n\t\t<div id=\"accordion-2302411499-content\" class=\"accordion-inner\" aria-labelledby=\"accordion-2302411499-label\">\n\t\t\t\r\n<p><span class=\"TextRun SCXW185180989 BCX0\" lang=\"TR-TR\" xml:lang=\"TR-TR\" data-contrast=\"auto\"><span class=\"NormalTextRun SCXW185180989 BCX0\"> Sipari\u015finiz kargoya verildi\u011finde size bir takip numaras\u0131 i\u00e7eren mesaj veya e-posta g\u00f6nderilecektir. Bu numara ile kargonuzu takip edebilirsiniz.\u00a0<\/span><\/span><\/p>\r\n\t\t<\/div>\n\t<\/div>\n\t \t<div id=\"accordion-1061601511\" class=\"accordion-item\">\n\t\t<a id=\"accordion-1061601511-label\" class=\"accordion-title plain\" href=\"#accordion-item-sipari\u015fimin-durumunu-nas\u0131l-\u00f6\u011frenebilirim?\" aria-expanded=\"false\" aria-controls=\"accordion-1061601511-content\">\n\t\t\t<button class=\"toggle\" aria-label=\"Toggle\"><i class=\"icon-angle-down\" aria-hidden=\"true\"><\/i><\/button>\n\t\t\t<span>Sipari\u015fimin durumunu nas\u0131l \u00f6\u011frenebilirim?<\/span>\n\t\t<\/a>\n\t\t<div id=\"accordion-1061601511-content\" class=\"accordion-inner\" aria-labelledby=\"accordion-1061601511-label\">\n\t\t\t\r\n<p><span class=\"TextRun SCXW17768809 BCX0\" lang=\"TR-TR\" xml:lang=\"TR-TR\" data-contrast=\"auto\"><span class=\"NormalTextRun SCXW17768809 BCX0\"> Hesab\u0131n\u0131za giri\u015f yaparak &#8220;Sipari\u015flerim&#8221; b\u00f6l\u00fcm\u00fcnden sipari\u015finizin g\u00fcncel durumunu takip edebilirsiniz.\u00a0<\/span><\/span><\/p>\r\n\t\t<\/div>\n\t<\/div>\n\t <\/div> \t\t<\/div>\n\t\t\t\t\t<\/div>\n\n\t <\/div> <div class=\"row\"  id=\"row-1682141803\"> \n\t<div id=\"col-853314038\" class=\"col small-12 large-12\"  >\n\t\t\t\t<div class=\"col-inner\"  >\n\t\t\t\n\t\t\t <span class=\"scroll-to\" data-label=\"Scroll to: #nak\u0131\u015f\" data-bullet=\"false\" data-link=\"#nak\u0131\u015f\" data-title=\"Nak\u0131\u015f\"><a name=\"nak\u0131\u015f\"><\/a><\/span>\r\n<h3>Nak\u0131\u015f<\/h3>\r\n<div class=\"accordion\"> \t<div id=\"accordion-4159293485\" class=\"accordion-item\">\n\t\t<a id=\"accordion-4159293485-label\" class=\"accordion-title plain\" href=\"#accordion-item-\u00dcr\u00fcnlere-ki\u015fiselle\u015ftirilmi\u015f-nak\u0131\u015f-ekletebilir-miyim?\" aria-expanded=\"false\" aria-controls=\"accordion-4159293485-content\">\n\t\t\t<button class=\"toggle\" aria-label=\"Toggle\"><i class=\"icon-angle-down\" aria-hidden=\"true\"><\/i><\/button>\n\t\t\t<span>\u00dcr\u00fcnlere ki\u015fiselle\u015ftirilmi\u015f nak\u0131\u015f ekletebilir miyim?<\/span>\n\t\t<\/a>\n\t\t<div id=\"accordion-4159293485-content\" class=\"accordion-inner\" aria-labelledby=\"accordion-4159293485-label\">\n\t\t\t\r\n<p><span class=\"NormalTextRun SCXW40286945 BCX0\"> Evet, belirli \u00fcr\u00fcnlerimize isim veya logo <\/span><span class=\"NormalTextRun SpellingErrorV2Themed SCXW40286945 BCX0\">nak\u0131\u015f\u0131<\/span><span class=\"NormalTextRun SCXW40286945 BCX0\"> ekletebilirsiniz. Detaylar i\u00e7in \u00fcr\u00fcn sayfalar\u0131n\u0131 inceleyiniz.\u00a0<\/span><\/p>\r\n\t\t<\/div>\n\t<\/div>\n\t <\/div> \t\t<\/div>\n\t\t\t\t\t<\/div>\n\n\t <\/div> <div class=\"row\"  id=\"row-1140316119\"> \n\t<div id=\"col-324773228\" class=\"col small-12 large-12\"  >\n\t\t\t\t<div class=\"col-inner\"  >\n\t\t\t\n\t\t\t <span class=\"scroll-to\" data-label=\"Scroll to: #\u00dcr\u00fcn-bak\u0131m\u0131\" data-bullet=\"false\" data-link=\"#\u00dcr\u00fcn-bak\u0131m\u0131\" data-title=\"\u00dcr\u00fcn Bak\u0131m\u0131\"><a name=\"\u00dcr\u00fcn-bak\u0131m\u0131\"><\/a><\/span>\r\n<h3>\u00dcr\u00fcn Bak\u0131m\u0131<\/h3>\r\n<div class=\"accordion\"> \t<div id=\"accordion-103141041\" class=\"accordion-item\">\n\t\t<a id=\"accordion-103141041-label\" class=\"accordion-title plain\" href=\"#accordion-item-\u00dcr\u00fcnlerimi-nas\u0131l-y\u0131kamal\u0131y\u0131m?\" aria-expanded=\"false\" aria-controls=\"accordion-103141041-content\">\n\t\t\t<button class=\"toggle\" aria-label=\"Toggle\"><i class=\"icon-angle-down\" aria-hidden=\"true\"><\/i><\/button>\n\t\t\t<span>\u00dcr\u00fcnlerimi nas\u0131l y\u0131kamal\u0131y\u0131m?<\/span>\n\t\t<\/a>\n\t\t<div id=\"accordion-103141041-content\" class=\"accordion-inner\" aria-labelledby=\"accordion-103141041-label\">\n\t\t\t\r\n<p><span class=\"TextRun SCXW62844322 BCX0\" lang=\"TR-TR\" xml:lang=\"TR-TR\" data-contrast=\"auto\"><span class=\"NormalTextRun SCXW62844322 BCX0\"> Her \u00fcr\u00fcn\u00fcn etiketinde belirtilen y\u0131kama talimatlar\u0131na uyunuz. Genel olarak, benzer renklerle ve uygun s\u0131cakl\u0131kta y\u0131kaman\u0131z \u00f6nerilir.\u00a0<\/span><\/span><\/p>\r\n\t\t<\/div>\n\t<\/div>\n\t <\/div> \t\t<\/div>\n\t\t\t\t\t<\/div>\n\n\t <\/div> <div class=\"row\"  id=\"row-1879217689\"> \n\t<div id=\"col-1461885769\" class=\"col small-12 large-12\"  >\n\t\t\t\t<div class=\"col-inner\"  >\n\t\t\t\n\t\t\t <span class=\"scroll-to\" data-label=\"Scroll to: #beden-se\u00e7imi\" data-bullet=\"false\" data-link=\"#beden-se\u00e7imi\" data-title=\"Beden Se\u00e7imi\"><a name=\"beden-se\u00e7imi\"><\/a><\/span>\r\n<h3>Beden Se\u00e7imi<\/h3>\r\n<div class=\"accordion\"> \t<div id=\"accordion-979519417\" class=\"accordion-item\">\n\t\t<a id=\"accordion-979519417-label\" class=\"accordion-title plain\" href=\"#accordion-item-do\u011fru-bedeni-nas\u0131l-se\u00e7ebilirim?\" aria-expanded=\"false\" aria-controls=\"accordion-979519417-content\">\n\t\t\t<button class=\"toggle\" aria-label=\"Toggle\"><i class=\"icon-angle-down\" aria-hidden=\"true\"><\/i><\/button>\n\t\t\t<span>Do\u011fru bedeni nas\u0131l se\u00e7ebilirim?<\/span>\n\t\t<\/a>\n\t\t<div id=\"accordion-979519417-content\" class=\"accordion-inner\" aria-labelledby=\"accordion-979519417-label\">\n\t\t\t\r\n<p><span class=\"TextRun SCXW48798699 BCX0\" lang=\"TR-TR\" xml:lang=\"TR-TR\" data-contrast=\"auto\"><span class=\"NormalTextRun SCXW48798699 BCX0\"> Her \u00fcr\u00fcn sayfas\u0131nda bulunan beden tablosunu inceleyerek size en uygun bedeni se\u00e7ebilirsiniz.\u00a0<\/span><\/span><\/p>\r\n\t\t<\/div>\n\t<\/div>\n\t <\/div> \t\t<\/div>\n\t\t\t\t\t<\/div>\n\n\t <\/div> <div class=\"row\"  id=\"row-1288556886\"> \n\t<div id=\"col-1461861343\" class=\"col small-12 large-12\"  >\n\t\t\t\t<div class=\"col-inner\"  >\n\t\t\t\n\t\t\t <span class=\"scroll-to\" data-label=\"Scroll to: #\u0130ndirim-kodlar\u0131\" data-bullet=\"false\" data-link=\"#\u0130ndirim-kodlar\u0131\" data-title=\"\u0130ndirim Kodlar\u0131\"><a name=\"\u0130ndirim-kodlar\u0131\"><\/a><\/span>\r\n<h3>\u0130ndirim Kodlar\u0131<\/h3>\r\n<div class=\"accordion\"> \t<div id=\"accordion-1766614908\" class=\"accordion-item\">\n\t\t<a id=\"accordion-1766614908-label\" class=\"accordion-title plain\" href=\"#accordion-item-\u0130ndirim-kodumu-nas\u0131l-kullanabilirim?\" aria-expanded=\"false\" aria-controls=\"accordion-1766614908-content\">\n\t\t\t<button class=\"toggle\" aria-label=\"Toggle\"><i class=\"icon-angle-down\" aria-hidden=\"true\"><\/i><\/button>\n\t\t\t<span>\u0130ndirim kodumu nas\u0131l kullanabilirim?<\/span>\n\t\t<\/a>\n\t\t<div id=\"accordion-1766614908-content\" class=\"accordion-inner\" aria-labelledby=\"accordion-1766614908-label\">\n\t\t\t\r\n<p><span class=\"TextRun SCXW267424705 BCX0\" lang=\"TR-TR\" xml:lang=\"TR-TR\" data-contrast=\"auto\"><span class=\"NormalTextRun SCXW267424705 BCX0\"> \u00d6deme sayfas\u0131nda ilgili alana indirim kodunuzu girerek indirimden faydalanabilirsiniz.\u00a0<\/span><\/span><\/p>\r\n\t\t<\/div>\n\t<\/div>\n\t <\/div> \t\t<\/div>\n\t\t\t\t\t<\/div>\n\n\t <\/div> <div class=\"row\"  id=\"row-1654437009\"> \n\t<div id=\"col-1066252989\" class=\"col small-12 large-12\"  >\n\t\t\t\t<div class=\"col-inner\"  >\n\t\t\t\n\t\t\t <span class=\"scroll-to\" data-label=\"Scroll to: #fatura\" data-bullet=\"false\" data-link=\"#fatura\" data-title=\"Fatura\"><a name=\"fatura\"><\/a><\/span>\r\n<h3>Fatura<\/h3>\r\n<div class=\"accordion\"> \t<div id=\"accordion-3756984806\" class=\"accordion-item\">\n\t\t<a id=\"accordion-3756984806-label\" class=\"accordion-title plain\" href=\"#accordion-item-faturam\u0131-nas\u0131l-alabilirim?\" aria-expanded=\"false\" aria-controls=\"accordion-3756984806-content\">\n\t\t\t<button class=\"toggle\" aria-label=\"Toggle\"><i class=\"icon-angle-down\" aria-hidden=\"true\"><\/i><\/button>\n\t\t\t<span>Faturam\u0131 nas\u0131l alabilirim?<\/span>\n\t\t<\/a>\n\t\t<div id=\"accordion-3756984806-content\" class=\"accordion-inner\" aria-labelledby=\"accordion-3756984806-label\">\n\t\t\t\r\n<p><span class=\"TextRun SCXW151567176 BCX0\" lang=\"TR-TR\" xml:lang=\"TR-TR\" data-contrast=\"auto\"><span class=\"NormalTextRun SCXW151567176 BCX0\"> Sipari\u015finiz tamamland\u0131ktan sonra faturan\u0131z e-posta adresinize g\u00f6nderilecektir.\u00a0<\/span><\/span><\/p>\r\n\t\t<\/div>\n\t<\/div>\n\t <\/div> \t\t<\/div>\n\t\t\t\t\t<\/div>\n\n\t <\/div> <div class=\"row\"  id=\"row-1007511261\"> \n\t<div id=\"col-1243655311\" class=\"col small-12 large-12\"  >\n\t\t\t\t<div class=\"col-inner\"  >\n\t\t\t\n\t\t\t <span class=\"scroll-to\" data-label=\"Scroll to: #\u0130ade-ve-de\u011fi\u015fim\" data-bullet=\"false\" data-link=\"#\u0130ade-ve-de\u011fi\u015fim\" data-title=\"\u0130ade ve De\u011fi\u015fim\"><a name=\"\u0130ade-ve-de\u011fi\u015fim\"><\/a><\/span>\r\n<h3>\u0130ade ve De\u011fi\u015fim<\/h3>\r\n<div class=\"accordion\"> \t<div id=\"accordion-3557902897\" class=\"accordion-item\">\n\t\t<a id=\"accordion-3557902897-label\" class=\"accordion-title plain\" href=\"#accordion-item-\u00dcr\u00fcn\u00fcm\u00fc-nas\u0131l-iade-edebilirim?\" aria-expanded=\"false\" aria-controls=\"accordion-3557902897-content\">\n\t\t\t<button class=\"toggle\" aria-label=\"Toggle\"><i class=\"icon-angle-down\" aria-hidden=\"true\"><\/i><\/button>\n\t\t\t<span>\u00dcr\u00fcn\u00fcm\u00fc nas\u0131l iade edebilirim?<\/span>\n\t\t<\/a>\n\t\t<div id=\"accordion-3557902897-content\" class=\"accordion-inner\" aria-labelledby=\"accordion-3557902897-label\">\n\t\t\t\r\n<p><span class=\"NormalTextRun SCXW195858444 BCX0\"> \u0130ade talebinizi &#8220;\u0130ade ve De\u011fi\u015fim&#8221; sayfam\u0131zdaki formu doldurarak veya <\/span><span class=\"NormalTextRun SpellingErrorV2Themed SCXW195858444 BCX0\">info@mkworkwear<\/span><span class=\"NormalTextRun SCXW195858444 BCX0\"> adresine <\/span><span class=\"NormalTextRun SCXW195858444 BCX0\">mail<\/span> <span class=\"NormalTextRun SCXW195858444 BCX0\">atarak ba\u015flatabilirsiniz<\/span><span class=\"NormalTextRun SCXW195858444 BCX0\">.\u00a0<\/span><\/p>\r\n\t\t<\/div>\n\t<\/div>\n\t \t<div id=\"accordion-2611653883\" class=\"accordion-item\">\n\t\t<a id=\"accordion-2611653883-label\" class=\"accordion-title plain\" href=\"#accordion-item-\u0130ade-s\u00fcresi-ne-kadard\u0131r?\" aria-expanded=\"false\" aria-controls=\"accordion-2611653883-content\">\n\t\t\t<button class=\"toggle\" aria-label=\"Toggle\"><i class=\"icon-angle-down\" aria-hidden=\"true\"><\/i><\/button>\n\t\t\t<span>\u0130ade s\u00fcresi ne kadard\u0131r?<\/span>\n\t\t<\/a>\n\t\t<div id=\"accordion-2611653883-content\" class=\"accordion-inner\" aria-labelledby=\"accordion-2611653883-label\">\n\t\t\t\r\n<p><span class=\"TextRun SCXW181689739 BCX0\" lang=\"TR-TR\" xml:lang=\"TR-TR\" data-contrast=\"auto\"><span class=\"NormalTextRun SCXW181689739 BCX0\"> \u00dcr\u00fcn\u00fc teslim ald\u0131ktan sonra 14 g\u00fcn i\u00e7inde iade edebilirsiniz.\u00a0<\/span><\/span><\/p>\r\n\t\t<\/div>\n\t<\/div>\n\t <\/div> \t\t<\/div>\n\t\t\t\t\t<\/div>\n\n\t <\/div> \t\t<\/div>\n\t\t\t\t\t<\/div>\n\n\t <\/div> \t\t<\/div>\n\n\t\t\n<style>\n#section_720100146 {\n  padding-top: 60px;\n  padding-bottom: 60px;\n}\n<\/style>\n\t<\/section>\n\t\r\n","protected":false},"excerpt":{"rendered":"","protected":false},"author":16,"featured_media":0,"parent":0,"menu_order":0,"comment_status":"closed","ping_status":"closed","template":"page-transparent-header-light.php","meta":{"footnotes":""},"class_list":["post-2875","page","type-page","status-publish","hentry"],"yoast_head":"<!-- This site is optimized with the Yoast SEO plugin v27.5 - https:\/\/yoast.com\/product\/yoast-seo-wordpress\/ -->\n<title>Frequently Asked Questions (FAQ) | MKWorkwear<\/title>\n<meta name=\"robots\" content=\"index, follow, max-snippet:-1, max-image-preview:large, max-video-preview:-1\" \/>\n<link rel=\"canonical\" href=\"https:\/\/www.mkworkwear.com\/en\/frequently-asked-questions-faq\/\" \/>\n<meta property=\"og:locale\" content=\"en_US\" \/>\n<meta property=\"og:type\" content=\"article\" \/>\n<meta property=\"og:title\" content=\"Frequently Asked Questions (FAQ) | MKWorkwear\" \/>\n<meta property=\"og:url\" content=\"https:\/\/www.mkworkwear.com\/en\/frequently-asked-questions-faq\/\" \/>\n<meta property=\"og:site_name\" content=\"MKWorkwear\" \/>\n<meta property=\"article:publisher\" content=\"https:\/\/www.facebook.com\/mkworkwear\/\" \/>\n<meta property=\"article:modified_time\" content=\"2025-12-17T18:27:06+00:00\" \/>\n<meta name=\"twitter:card\" content=\"summary_large_image\" \/>\n<meta name=\"twitter:label1\" content=\"Est. reading time\" \/>\n\t<meta name=\"twitter:data1\" content=\"3 minutes\" \/>\n<script type=\"application\/ld+json\" class=\"yoast-schema-graph\">{\"@context\":\"https:\\\/\\\/schema.org\",\"@graph\":[{\"@type\":\"WebPage\",\"@id\":\"https:\\\/\\\/www.mkworkwear.com\\\/en\\\/frequently-asked-questions-faq\\\/\",\"url\":\"https:\\\/\\\/www.mkworkwear.com\\\/en\\\/frequently-asked-questions-faq\\\/\",\"name\":\"Frequently Asked Questions (FAQ) | MKWorkwear\",\"isPartOf\":{\"@id\":\"https:\\\/\\\/www.mkworkwear.com\\\/en\\\/#website\"},\"datePublished\":\"2013-08-11T17:13:42+00:00\",\"dateModified\":\"2025-12-17T18:27:06+00:00\",\"breadcrumb\":{\"@id\":\"https:\\\/\\\/www.mkworkwear.com\\\/en\\\/frequently-asked-questions-faq\\\/#breadcrumb\"},\"inLanguage\":\"en-US\",\"potentialAction\":[{\"@type\":\"ReadAction\",\"target\":[\"https:\\\/\\\/www.mkworkwear.com\\\/en\\\/frequently-asked-questions-faq\\\/\"]}]},{\"@type\":\"BreadcrumbList\",\"@id\":\"https:\\\/\\\/www.mkworkwear.com\\\/en\\\/frequently-asked-questions-faq\\\/#breadcrumb\",\"itemListElement\":[{\"@type\":\"ListItem\",\"position\":1,\"name\":\"Anasayfa\",\"item\":\"https:\\\/\\\/www.mkworkwear.com\\\/en\\\/\"},{\"@type\":\"ListItem\",\"position\":2,\"name\":\"Frequently Asked Questions (FAQ)\"}]},{\"@type\":\"WebSite\",\"@id\":\"https:\\\/\\\/www.mkworkwear.com\\\/en\\\/#website\",\"url\":\"https:\\\/\\\/www.mkworkwear.com\\\/en\\\/\",\"name\":\"MKWorkwear\",\"description\":\"\u0130\u015f K\u0131yafetlerinde Lider Marka\",\"publisher\":{\"@id\":\"https:\\\/\\\/www.mkworkwear.com\\\/en\\\/#organization\"},\"potentialAction\":[{\"@type\":\"SearchAction\",\"target\":{\"@type\":\"EntryPoint\",\"urlTemplate\":\"https:\\\/\\\/www.mkworkwear.com\\\/en\\\/?s={search_term_string}\"},\"query-input\":{\"@type\":\"PropertyValueSpecification\",\"valueRequired\":true,\"valueName\":\"search_term_string\"}}],\"inLanguage\":\"en-US\"},{\"@type\":\"Organization\",\"@id\":\"https:\\\/\\\/www.mkworkwear.com\\\/en\\\/#organization\",\"name\":\"MKWorkwear\",\"url\":\"https:\\\/\\\/www.mkworkwear.com\\\/en\\\/\",\"logo\":{\"@type\":\"ImageObject\",\"inLanguage\":\"en-US\",\"@id\":\"https:\\\/\\\/www.mkworkwear.com\\\/en\\\/#\\\/schema\\\/logo\\\/image\\\/\",\"url\":\"https:\\\/\\\/www.mkworkwear.com\\\/wp-content\\\/uploads\\\/2026\\\/02\\\/Logo-siyah.webp\",\"contentUrl\":\"https:\\\/\\\/www.mkworkwear.com\\\/wp-content\\\/uploads\\\/2026\\\/02\\\/Logo-siyah.webp\",\"width\":60,\"height\":60,\"caption\":\"MKWorkwear\"},\"image\":{\"@id\":\"https:\\\/\\\/www.mkworkwear.com\\\/en\\\/#\\\/schema\\\/logo\\\/image\\\/\"},\"sameAs\":[\"https:\\\/\\\/www.facebook.com\\\/mkworkwear\\\/\",\"https:\\\/\\\/www.instagram.com\\\/mkworkwearofficial\\\/\"]}]}<\/script>\n<!-- \/ Yoast SEO plugin. -->","yoast_head_json":{"title":"Frequently Asked Questions (FAQ) | MKWorkwear","robots":{"index":"index","follow":"follow","max-snippet":"max-snippet:-1","max-image-preview":"max-image-preview:large","max-video-preview":"max-video-preview:-1"},"canonical":"https:\/\/www.mkworkwear.com\/en\/frequently-asked-questions-faq\/","og_locale":"en_US","og_type":"article","og_title":"Frequently Asked Questions (FAQ) | MKWorkwear","og_url":"https:\/\/www.mkworkwear.com\/en\/frequently-asked-questions-faq\/","og_site_name":"MKWorkwear","article_publisher":"https:\/\/www.facebook.com\/mkworkwear\/","article_modified_time":"2025-12-17T18:27:06+00:00","twitter_card":"summary_large_image","twitter_misc":{"Est. reading time":"3 minutes"},"schema":{"@context":"https:\/\/schema.org","@graph":[{"@type":"WebPage","@id":"https:\/\/www.mkworkwear.com\/en\/frequently-asked-questions-faq\/","url":"https:\/\/www.mkworkwear.com\/en\/frequently-asked-questions-faq\/","name":"Frequently Asked Questions (FAQ) | MKWorkwear","isPartOf":{"@id":"https:\/\/www.mkworkwear.com\/en\/#website"},"datePublished":"2013-08-11T17:13:42+00:00","dateModified":"2025-12-17T18:27:06+00:00","breadcrumb":{"@id":"https:\/\/www.mkworkwear.com\/en\/frequently-asked-questions-faq\/#breadcrumb"},"inLanguage":"en-US","potentialAction":[{"@type":"ReadAction","target":["https:\/\/www.mkworkwear.com\/en\/frequently-asked-questions-faq\/"]}]},{"@type":"BreadcrumbList","@id":"https:\/\/www.mkworkwear.com\/en\/frequently-asked-questions-faq\/#breadcrumb","itemListElement":[{"@type":"ListItem","position":1,"name":"Anasayfa","item":"https:\/\/www.mkworkwear.com\/en\/"},{"@type":"ListItem","position":2,"name":"Frequently Asked Questions (FAQ)"}]},{"@type":"WebSite","@id":"https:\/\/www.mkworkwear.com\/en\/#website","url":"https:\/\/www.mkworkwear.com\/en\/","name":"MKWorkwear","description":"\u0130\u015f K\u0131yafetlerinde Lider Marka","publisher":{"@id":"https:\/\/www.mkworkwear.com\/en\/#organization"},"potentialAction":[{"@type":"SearchAction","target":{"@type":"EntryPoint","urlTemplate":"https:\/\/www.mkworkwear.com\/en\/?s={search_term_string}"},"query-input":{"@type":"PropertyValueSpecification","valueRequired":true,"valueName":"search_term_string"}}],"inLanguage":"en-US"},{"@type":"Organization","@id":"https:\/\/www.mkworkwear.com\/en\/#organization","name":"MKWorkwear","url":"https:\/\/www.mkworkwear.com\/en\/","logo":{"@type":"ImageObject","inLanguage":"en-US","@id":"https:\/\/www.mkworkwear.com\/en\/#\/schema\/logo\/image\/","url":"https:\/\/www.mkworkwear.com\/wp-content\/uploads\/2026\/02\/Logo-siyah.webp","contentUrl":"https:\/\/www.mkworkwear.com\/wp-content\/uploads\/2026\/02\/Logo-siyah.webp","width":60,"height":60,"caption":"MKWorkwear"},"image":{"@id":"https:\/\/www.mkworkwear.com\/en\/#\/schema\/logo\/image\/"},"sameAs":["https:\/\/www.facebook.com\/mkworkwear\/","https:\/\/www.instagram.com\/mkworkwearofficial\/"]}]}},"jetpack_sharing_enabled":true,"_links":{"self":[{"href":"https:\/\/www.mkworkwear.com\/en\/wp-json\/wp\/v2\/pages\/2875","targetHints":{"allow":["GET"]}}],"collection":[{"href":"https:\/\/www.mkworkwear.com\/en\/wp-json\/wp\/v2\/pages"}],"about":[{"href":"https:\/\/www.mkworkwear.com\/en\/wp-json\/wp\/v2\/types\/page"}],"author":[{"embeddable":true,"href":"https:\/\/www.mkworkwear.com\/en\/wp-json\/wp\/v2\/users\/16"}],"replies":[{"embeddable":true,"href":"https:\/\/www.mkworkwear.com\/en\/wp-json\/wp\/v2\/comments?post=2875"}],"version-history":[{"count":0,"href":"https:\/\/www.mkworkwear.com\/en\/wp-json\/wp\/v2\/pages\/2875\/revisions"}],"wp:attachment":[{"href":"https:\/\/www.mkworkwear.com\/en\/wp-json\/wp\/v2\/media?parent=2875"}],"curies":[{"name":"wp","href":"https:\/\/api.w.org\/{rel}","templated":true}]}}