{"id":2836,"date":"2025-04-10T19:24:47","date_gmt":"2025-04-10T16:24:47","guid":{"rendered":"https:\/\/www.mkworkwear.com\/beden-tablosu\/"},"modified":"2025-12-17T21:14:54","modified_gmt":"2025-12-17T18:14:54","slug":"groessentabelle","status":"publish","type":"page","link":"https:\/\/www.mkworkwear.com\/de\/groessentabelle\/","title":{"rendered":"Gr\u00f6\u00dfentabelle"},"content":{"rendered":"\r\n\n  <div class=\"banner has-hover\" id=\"banner-2069814518\">\n          <div class=\"banner-inner fill\">\n        <div class=\"banner-bg fill\" >\n            <img decoding=\"async\" width=\"1020\" height=\"453\" src=\"https:\/\/www.mkworkwear.com\/wp-content\/uploads\/2025\/05\/dekor-1400x622.jpg\" class=\"bg attachment-large size-large\" alt=\"\" \/>                                    \n                    <\/div>\n\t\t\n        <div class=\"banner-layers container\">\n            <div class=\"fill banner-link\"><\/div>                <div id=\"text-box-2109869484\" class=\"text-box banner-layer x50 md-x50 lg-x50 y90 md-y90 lg-y90 res-text\">\n                                <div class=\"text-box-content text dark\">\n              \n              <div class=\"text-inner text-center\">\n                  \r\n<h2 class=\"uppercase\">MKWORKWEAR&#8217;\u0131n<\/h2>\r\n<h3 class=\"thin-font\">T\u00fcm Hikayelerini Ke\u015ffedin<\/h3>\r\n              <\/div>\n           <\/div>\n                            \n<style>\n#text-box-2109869484 {\n  width: 80%;\n}\n#text-box-2109869484 .text-box-content {\n  font-size: 100%;\n}\n<\/style>\n    <\/div>\n          <\/div>\n      <\/div>\n\n            \n<style>\n#banner-2069814518 {\n  padding-top: 200px;\n}\n#banner-2069814518 .banner-bg img {\n  object-position: 56% 10%;\n}\n<\/style>\n  <\/div>\n\n \n\t<section class=\"section\" id=\"section_2121059486\">\n\t\t<div class=\"section-bg fill\" >\n\t\t\t\t\t\t\t\t\t\n\t\t\t\n\n\t\t<\/div>\n\n\t\t\n\n\t\t<div class=\"section-content relative\">\n\t\t\t <div class=\"row row-full-width\"  id=\"row-2016546200\"> \n\t<div id=\"col-1673432298\" class=\"col small-12 large-12\"  >\n\t\t\t\t<div class=\"col-inner\"  >\n\t\t\t\n\t\t\t \n\t\t<div class=\"tabbed-content\">\n\t\t\t\n\t\t\t<ul class=\"nav nav-line-bottom nav-normal nav-size-xlarge nav-center\" role=\"tablist\"><li id=\"tab-\u00dcretim\" class=\"tab active has-icon\" role=\"presentation\"><a href=\"#tab_\u00dcretim\" role=\"tab\" aria-selected=\"true\" aria-controls=\"tab_\u00dcretim\"><span>\u00dcretim<\/span><\/a><\/li>\n<li id=\"tab-kuma\u015f\" class=\"tab has-icon\" role=\"presentation\"><a href=\"#tab_kuma\u015f\" tabindex=\"-1\" role=\"tab\" aria-selected=\"false\" aria-controls=\"tab_kuma\u015f\"><span>Kuma\u015f<\/span><\/a><\/li>\n<li id=\"tab-bak\u0131m\" class=\"tab has-icon\" role=\"presentation\"><a href=\"#tab_bak\u0131m\" tabindex=\"-1\" role=\"tab\" aria-selected=\"false\" aria-controls=\"tab_bak\u0131m\"><span>Bak\u0131m<\/span><\/a><\/li>\n<li id=\"tab-tamirat\" class=\"tab has-icon\" role=\"presentation\"><a href=\"#tab_tamirat\" tabindex=\"-1\" role=\"tab\" aria-selected=\"false\" aria-controls=\"tab_tamirat\"><span>Tamirat<\/span><\/a><\/li><\/ul><div class=\"tab-panels\"><div id=\"tab_\u00dcretim\" class=\"panel active entry-content\" role=\"tabpanel\" aria-labelledby=\"tab-\u00dcretim\"> \t<div id=\"gap-560386407\" class=\"gap-element clearfix\" style=\"display:block; height:auto;\">\n\t\t\n<style>\n#gap-560386407 {\n  padding-top: 50px;\n}\n<\/style>\n\t<\/div>\n\t <div class=\"row row-collapse row-full-width align-middle\"  id=\"row-1668968827\"> \n\t<div id=\"col-249896492\" class=\"col medium-5 small-12 large-5\"  >\n\t\t\t\t<div class=\"col-inner\"  >\n\t\t\t\n\t\t\t \t<div class=\"img has-hover x md-x lg-x y md-y lg-y\" id=\"image_1223454464\">\n\t\t\t\t\t\t\t\t<div class=\"img-inner image-cover dark\" style=\"padding-top:100%;\">\n\t\t\t<img decoding=\"async\" width=\"800\" height=\"1200\" src=\"https:\/\/www.mkworkwear.com\/wp-content\/uploads\/2025\/06\/Beyaz-Sef-elbisesi-Asci-Uniforma-Model-MKWorkwear-1.jpg\" class=\"attachment-original size-original\" alt=\"\" srcset=\"https:\/\/www.mkworkwear.com\/wp-content\/uploads\/2025\/06\/Beyaz-Sef-elbisesi-Asci-Uniforma-Model-MKWorkwear-1.jpg 800w, https:\/\/www.mkworkwear.com\/wp-content\/uploads\/2025\/06\/Beyaz-Sef-elbisesi-Asci-Uniforma-Model-MKWorkwear-1-400x600.jpg 400w, https:\/\/www.mkworkwear.com\/wp-content\/uploads\/2025\/06\/Beyaz-Sef-elbisesi-Asci-Uniforma-Model-MKWorkwear-1-600x900.jpg 600w, https:\/\/www.mkworkwear.com\/wp-content\/uploads\/2025\/06\/Beyaz-Sef-elbisesi-Asci-Uniforma-Model-MKWorkwear-1-267x400.jpg 267w, https:\/\/www.mkworkwear.com\/wp-content\/uploads\/2025\/06\/Beyaz-Sef-elbisesi-Asci-Uniforma-Model-MKWorkwear-1-533x800.jpg 533w, https:\/\/www.mkworkwear.com\/wp-content\/uploads\/2025\/06\/Beyaz-Sef-elbisesi-Asci-Uniforma-Model-MKWorkwear-1-768x1152.jpg 768w\" sizes=\"(max-width: 800px) 100vw, 800px\" \/>\t\t\t\t\t\t\n\t\t\t\t\t<\/div>\n\t\t\t\t\t\t\t\t\n<style>\n#image_1223454464 {\n  width: 100%;\n}\n<\/style>\n\t<\/div>\n\t \t\t<\/div>\n\t\t\t\t\n<style>\n#col-249896492 > .col-inner {\n  max-width: 520px;\n}\n<\/style>\n\t<\/div>\n\n\t \n\t<div id=\"col-504509971\" class=\"col medium-6 small-12 large-6\"  >\n\t\t\t\t<div class=\"col-inner text-left\"  >\n\t\t\t\n\t\t\t \t<div id=\"text-237168629\" class=\"text\">\n\t\t\r\n<p>Kuma\u015f<\/p>\r\n<h2 class=\"grid grid-cols-1 gap-4\">Mutfak Havlusu: \u0130\u015flev ve formda bir devrim<\/h2>\r\n<p class=\"article-card__meta mb-0 flex flex-wrap gap-1\"><span class=\"article-card__published_at\"><time datetime=\"2024-05-16T09:39:29Z\">16 May\u0131s 2024<\/time><\/span><\/p>\r\n<p class=\"article-card__excerpt line-clamp-3 text-sm text-primary-400\">Her mutfa\u011f\u0131n olmazsa olmaz\u0131, son derece i\u015flevsel bir \u00fcr\u00fcn olan mutfak havlusu. Bu \u00fcr\u00fcn\u00fcn bir\u00e7ok ad\u0131, \u015fekli var ve hatta i\u015flevi bile zamanla de\u011fi\u015fti. Bir klasik&#8230;<\/p>\r\n\t\t\n<style>\n#text-237168629 {\n  line-height: 3;\n  text-align: left;\n}\n<\/style>\n\t<\/div>\n\t <a class=\"button secondary is-underline lowercase\" style=\"padding:0px 0px 0px 0px;\">\n\t\t<span>Devam\u0131n\u0131 Oku<\/span>\n\t<\/a>\n \t\t<\/div>\n\t\t\t\t\n<style>\n#col-504509971 > .col-inner {\n  padding: 10% 10% 10% 10%;\n  max-width: 520px;\n}\n<\/style>\n\t<\/div>\n\n\t <\/div> <\/div>\n<div id=\"tab_kuma\u015f\" class=\"panel entry-content\" role=\"tabpanel\" aria-labelledby=\"tab-kuma\u015f\"> \t<div id=\"gap-1608205153\" class=\"gap-element clearfix\" style=\"display:block; height:auto;\">\n\t\t\n<style>\n#gap-1608205153 {\n  padding-top: 50px;\n}\n<\/style>\n\t<\/div>\n\t <div class=\"row row-collapse row-full-width align-middle\"  id=\"row-1121629445\"> \n\t<div id=\"col-82320920\" class=\"col medium-6 small-12 large-6\"  >\n\t\t\t\t<div class=\"col-inner\"  >\n\t\t\t\n\t\t\t \t<div class=\"img has-hover x md-x lg-x y md-y lg-y\" id=\"image_2055351901\">\n\t\t\t\t\t\t\t\t<div class=\"img-inner image-cover dark\" style=\"padding-top:100%;\">\n\t\t\t\t\t\t\t\t\t\n\t\t\t\t\t<\/div>\n\t\t\t\t\t\t\t\t\n<style>\n#image_2055351901 {\n  width: 100%;\n}\n<\/style>\n\t<\/div>\n\t \t\t<\/div>\n\t\t\t\t\n<style>\n#col-82320920 > .col-inner {\n  max-width: 520px;\n}\n<\/style>\n\t<\/div>\n\n\t \n\t<div id=\"col-1584724023\" class=\"col medium-6 small-12 large-6\"  >\n\t\t\t\t<div class=\"col-inner text-left\"  >\n\t\t\t\n\t\t\t \t<div id=\"text-2848308668\" class=\"text\">\n\t\t\r\n<p>Kuma\u015f<\/p>\r\n<h2 class=\"grid grid-cols-1 gap-4\">Mutfak Havlusu: \u0130\u015flev ve formda bir devrim<\/h2>\r\n<p class=\"article-card__meta mb-0 flex flex-wrap gap-1\"><span class=\"article-card__published_at\"><time datetime=\"2024-05-16T09:39:29Z\">16 May\u0131s 2024<\/time><\/span><\/p>\r\n<p class=\"article-card__excerpt line-clamp-3 text-sm text-primary-400\">Her mutfa\u011f\u0131n olmazsa olmaz\u0131, son derece i\u015flevsel bir \u00fcr\u00fcn olan mutfak havlusu. Bu \u00fcr\u00fcn\u00fcn bir\u00e7ok ad\u0131, \u015fekli var ve hatta i\u015flevi bile zamanla de\u011fi\u015fti. Bir klasik&#8230;<\/p>\r\n\t\t\n<style>\n#text-2848308668 {\n  line-height: 3;\n  text-align: left;\n}\n<\/style>\n\t<\/div>\n\t <a class=\"button secondary is-underline lowercase\" style=\"padding:0px 0px 0px 0px;\">\n\t\t<span>Devam\u0131n\u0131 Oku<\/span>\n\t<\/a>\n \t\t<\/div>\n\t\t\t\t\n<style>\n#col-1584724023 > .col-inner {\n  padding: 10% 10% 10% 10%;\n  max-width: 520px;\n}\n<\/style>\n\t<\/div>\n\n\t <\/div> <\/div>\n<div id=\"tab_bak\u0131m\" class=\"panel entry-content\" role=\"tabpanel\" aria-labelledby=\"tab-bak\u0131m\"> \t<div id=\"gap-1382705478\" class=\"gap-element clearfix\" style=\"display:block; height:auto;\">\n\t\t\n<style>\n#gap-1382705478 {\n  padding-top: 50px;\n}\n<\/style>\n\t<\/div>\n\t <div class=\"row row-collapse row-full-width align-middle\"  id=\"row-2040669918\"> \n\t<div id=\"col-2144273284\" class=\"col medium-6 small-12 large-6\"  >\n\t\t\t\t<div class=\"col-inner\"  >\n\t\t\t\n\t\t\t \t<div class=\"img has-hover x md-x lg-x y md-y lg-y\" id=\"image_244442638\">\n\t\t\t\t\t\t\t\t<div class=\"img-inner image-cover dark\" style=\"padding-top:100%;\">\n\t\t\t\t\t\t\t\t\t\n\t\t\t\t\t<\/div>\n\t\t\t\t\t\t\t\t\n<style>\n#image_244442638 {\n  width: 100%;\n}\n<\/style>\n\t<\/div>\n\t \t\t<\/div>\n\t\t\t\t\n<style>\n#col-2144273284 > .col-inner {\n  max-width: 520px;\n}\n<\/style>\n\t<\/div>\n\n\t \n\t<div id=\"col-774247182\" class=\"col medium-6 small-12 large-6\"  >\n\t\t\t\t<div class=\"col-inner text-left\"  >\n\t\t\t\n\t\t\t \t<div id=\"text-4143854705\" class=\"text\">\n\t\t\r\n<p>Kuma\u015f<\/p>\r\n<h2 class=\"grid grid-cols-1 gap-4\">Mutfak Havlusu: \u0130\u015flev ve formda bir devrim<\/h2>\r\n<p class=\"article-card__meta mb-0 flex flex-wrap gap-1\"><span class=\"article-card__published_at\"><time datetime=\"2024-05-16T09:39:29Z\">16 May\u0131s 2024<\/time><\/span><\/p>\r\n<p class=\"article-card__excerpt line-clamp-3 text-sm text-primary-400\">Her mutfa\u011f\u0131n olmazsa olmaz\u0131, son derece i\u015flevsel bir \u00fcr\u00fcn olan mutfak havlusu. Bu \u00fcr\u00fcn\u00fcn bir\u00e7ok ad\u0131, \u015fekli var ve hatta i\u015flevi bile zamanla de\u011fi\u015fti. Bir klasik&#8230;<\/p>\r\n\t\t\n<style>\n#text-4143854705 {\n  line-height: 3;\n  text-align: left;\n}\n<\/style>\n\t<\/div>\n\t <a class=\"button secondary is-underline lowercase\" style=\"padding:0px 0px 0px 0px;\">\n\t\t<span>Devam\u0131n\u0131 Oku<\/span>\n\t<\/a>\n \t\t<\/div>\n\t\t\t\t\n<style>\n#col-774247182 > .col-inner {\n  padding: 10% 10% 10% 10%;\n  max-width: 520px;\n}\n<\/style>\n\t<\/div>\n\n\t <\/div> <\/div>\n<div id=\"tab_tamirat\" class=\"panel entry-content\" role=\"tabpanel\" aria-labelledby=\"tab-tamirat\"> \t<div id=\"gap-1179066017\" class=\"gap-element clearfix\" style=\"display:block; height:auto;\">\n\t\t\n<style>\n#gap-1179066017 {\n  padding-top: 50px;\n}\n<\/style>\n\t<\/div>\n\t <div class=\"row row-collapse row-full-width align-middle\"  id=\"row-861710469\"> \n\t<div id=\"col-547532149\" class=\"col medium-6 small-12 large-6\"  >\n\t\t\t\t<div class=\"col-inner\"  >\n\t\t\t\n\t\t\t \t<div class=\"img has-hover x md-x lg-x y md-y lg-y\" id=\"image_10485932\">\n\t\t\t\t\t\t\t\t<div class=\"img-inner image-cover dark\" style=\"padding-top:100%;\">\n\t\t\t\t\t\t\t\t\t\n\t\t\t\t\t<\/div>\n\t\t\t\t\t\t\t\t\n<style>\n#image_10485932 {\n  width: 100%;\n}\n<\/style>\n\t<\/div>\n\t \t\t<\/div>\n\t\t\t\t\n<style>\n#col-547532149 > .col-inner {\n  max-width: 520px;\n}\n<\/style>\n\t<\/div>\n\n\t \n\t<div id=\"col-1849130116\" class=\"col medium-6 small-12 large-6\"  >\n\t\t\t\t<div class=\"col-inner text-left\"  >\n\t\t\t\n\t\t\t \t<div id=\"text-918115773\" class=\"text\">\n\t\t\r\n<p>Kuma\u015f<\/p>\r\n<h2 class=\"grid grid-cols-1 gap-4\">Mutfak Havlusu: \u0130\u015flev ve formda bir devrim<\/h2>\r\n<p class=\"article-card__meta mb-0 flex flex-wrap gap-1\"><span class=\"article-card__published_at\"><time datetime=\"2024-05-16T09:39:29Z\">16 May\u0131s 2024<\/time><\/span><\/p>\r\n<p class=\"article-card__excerpt line-clamp-3 text-sm text-primary-400\">Her mutfa\u011f\u0131n olmazsa olmaz\u0131, son derece i\u015flevsel bir \u00fcr\u00fcn olan mutfak havlusu. Bu \u00fcr\u00fcn\u00fcn bir\u00e7ok ad\u0131, \u015fekli var ve hatta i\u015flevi bile zamanla de\u011fi\u015fti. Bir klasik&#8230;<\/p>\r\n\t\t\n<style>\n#text-918115773 {\n  line-height: 3;\n  text-align: left;\n}\n<\/style>\n\t<\/div>\n\t <a class=\"button secondary is-underline lowercase\" style=\"padding:0px 0px 0px 0px;\">\n\t\t<span>Devam\u0131n\u0131 Oku<\/span>\n\t<\/a>\n \t\t<\/div>\n\t\t\t\t\n<style>\n#col-1849130116 > .col-inner {\n  padding: 10% 10% 10% 10%;\n  max-width: 520px;\n}\n<\/style>\n\t<\/div>\n\n\t <\/div> <\/div><\/div><\/div> \t<div id=\"gap-138211895\" class=\"gap-element clearfix\" style=\"display:block; height:auto;\">\n\t\t\n<style>\n#gap-138211895 {\n  padding-top: 50px;\n}\n<\/style>\n\t<\/div>\n\t \t\t<\/div>\n\t\t\t\t\t<\/div>\n\n\t <\/div> <div class=\"row row-full-width align-center\"  id=\"row-1579474259\"> \n\t<div id=\"col-1013843331\" class=\"col medium-3 small-12 large-3\"  >\n\t\t\t\t<div class=\"col-inner\"  >\n\t\t\t\n\t\t\t \n  \n    <div class=\"row large-columns-1 medium-columns-1 small-columns-1 slider row-slider slider-nav-reveal slider-nav-push\"  data-flickity-options='{&quot;imagesLoaded&quot;: true, &quot;groupCells&quot;: &quot;100%&quot;, &quot;dragThreshold&quot; : 5, &quot;cellAlign&quot;: &quot;left&quot;,&quot;wrapAround&quot;: true,&quot;prevNextButtons&quot;: true,&quot;percentPosition&quot;: true,&quot;pageDots&quot;: false, &quot;rightToLeft&quot;: false, &quot;autoPlay&quot; : false}' >\n\n  <\/div> \t\t<\/div>\n\t\t\t\t\t<\/div>\n\n\t \n\t<div id=\"col-1389690266\" class=\"col medium-3 small-12 large-3\"  >\n\t\t\t\t<div class=\"col-inner\"  >\n\t\t\t\n\t\t\t \n  \n    <div class=\"row large-columns-1 medium-columns-1 small-columns-1 slider row-slider slider-nav-reveal slider-nav-push\"  data-flickity-options='{&quot;imagesLoaded&quot;: true, &quot;groupCells&quot;: &quot;100%&quot;, &quot;dragThreshold&quot; : 5, &quot;cellAlign&quot;: &quot;left&quot;,&quot;wrapAround&quot;: true,&quot;prevNextButtons&quot;: true,&quot;percentPosition&quot;: true,&quot;pageDots&quot;: false, &quot;rightToLeft&quot;: false, &quot;autoPlay&quot; : false}' >\n\n  <\/div> \t\t<\/div>\n\t\t\t\t\t<\/div>\n\n\t \n\t<div id=\"col-800605399\" class=\"col medium-3 small-12 large-3\"  >\n\t\t\t\t<div class=\"col-inner\"  >\n\t\t\t\n\t\t\t \n  \n    <div class=\"row large-columns-1 medium-columns-1 small-columns-1 slider row-slider slider-nav-reveal slider-nav-push\"  data-flickity-options='{&quot;imagesLoaded&quot;: true, &quot;groupCells&quot;: &quot;100%&quot;, &quot;dragThreshold&quot; : 5, &quot;cellAlign&quot;: &quot;left&quot;,&quot;wrapAround&quot;: true,&quot;prevNextButtons&quot;: true,&quot;percentPosition&quot;: true,&quot;pageDots&quot;: false, &quot;rightToLeft&quot;: false, &quot;autoPlay&quot; : false}' >\n\n  <\/div> \t\t<\/div>\n\t\t\t\t\t<\/div>\n\n\t <\/div> \t\t<\/div>\n\n\t\t\n<style>\n#section_2121059486 {\n  padding-top: 30px;\n  padding-bottom: 30px;\n}\n<\/style>\n\t<\/section>\n\t\r\n","protected":false},"excerpt":{"rendered":"","protected":false},"author":16,"featured_media":0,"parent":0,"menu_order":0,"comment_status":"closed","ping_status":"closed","template":"page-transparent-header-light.php","meta":{"footnotes":""},"class_list":["post-2836","page","type-page","status-publish","hentry"],"yoast_head":"<!-- This site is optimized with the Yoast SEO plugin v27.5 - https:\/\/yoast.com\/product\/yoast-seo-wordpress\/ -->\n<title>Gr\u00f6\u00dfentabelle | MKWorkwear<\/title>\n<meta name=\"robots\" content=\"index, follow, max-snippet:-1, max-image-preview:large, max-video-preview:-1\" \/>\n<link rel=\"canonical\" href=\"https:\/\/www.mkworkwear.com\/de\/groessentabelle\/\" \/>\n<meta property=\"og:locale\" content=\"de_DE\" \/>\n<meta property=\"og:type\" content=\"article\" \/>\n<meta property=\"og:title\" content=\"Gr\u00f6\u00dfentabelle | MKWorkwear\" \/>\n<meta property=\"og:url\" content=\"https:\/\/www.mkworkwear.com\/de\/groessentabelle\/\" \/>\n<meta property=\"og:site_name\" content=\"MKWorkwear\" \/>\n<meta property=\"article:publisher\" content=\"https:\/\/www.facebook.com\/mkworkwear\/\" \/>\n<meta property=\"article:modified_time\" content=\"2025-12-17T18:14:54+00:00\" \/>\n<meta name=\"twitter:card\" content=\"summary_large_image\" \/>\n<meta name=\"twitter:label1\" content=\"Gesch\u00e4tzte Lesezeit\" \/>\n\t<meta name=\"twitter:data1\" content=\"3\u00a0Minuten\" \/>\n<script type=\"application\/ld+json\" class=\"yoast-schema-graph\">{\"@context\":\"https:\\\/\\\/schema.org\",\"@graph\":[{\"@type\":\"WebPage\",\"@id\":\"https:\\\/\\\/www.mkworkwear.com\\\/de\\\/groessentabelle\\\/\",\"url\":\"https:\\\/\\\/www.mkworkwear.com\\\/de\\\/groessentabelle\\\/\",\"name\":\"Gr\u00f6\u00dfentabelle | MKWorkwear\",\"isPartOf\":{\"@id\":\"https:\\\/\\\/www.mkworkwear.com\\\/de\\\/#website\"},\"datePublished\":\"2025-04-10T16:24:47+00:00\",\"dateModified\":\"2025-12-17T18:14:54+00:00\",\"breadcrumb\":{\"@id\":\"https:\\\/\\\/www.mkworkwear.com\\\/de\\\/groessentabelle\\\/#breadcrumb\"},\"inLanguage\":\"de\",\"potentialAction\":[{\"@type\":\"ReadAction\",\"target\":[\"https:\\\/\\\/www.mkworkwear.com\\\/de\\\/groessentabelle\\\/\"]}]},{\"@type\":\"BreadcrumbList\",\"@id\":\"https:\\\/\\\/www.mkworkwear.com\\\/de\\\/groessentabelle\\\/#breadcrumb\",\"itemListElement\":[{\"@type\":\"ListItem\",\"position\":1,\"name\":\"Anasayfa\",\"item\":\"https:\\\/\\\/www.mkworkwear.com\\\/de\\\/\"},{\"@type\":\"ListItem\",\"position\":2,\"name\":\"Gr\u00f6\u00dfentabelle\"}]},{\"@type\":\"WebSite\",\"@id\":\"https:\\\/\\\/www.mkworkwear.com\\\/de\\\/#website\",\"url\":\"https:\\\/\\\/www.mkworkwear.com\\\/de\\\/\",\"name\":\"MKWorkwear\",\"description\":\"\u0130\u015f K\u0131yafetlerinde Lider Marka\",\"publisher\":{\"@id\":\"https:\\\/\\\/www.mkworkwear.com\\\/de\\\/#organization\"},\"potentialAction\":[{\"@type\":\"SearchAction\",\"target\":{\"@type\":\"EntryPoint\",\"urlTemplate\":\"https:\\\/\\\/www.mkworkwear.com\\\/de\\\/?s={search_term_string}\"},\"query-input\":{\"@type\":\"PropertyValueSpecification\",\"valueRequired\":true,\"valueName\":\"search_term_string\"}}],\"inLanguage\":\"de\"},{\"@type\":\"Organization\",\"@id\":\"https:\\\/\\\/www.mkworkwear.com\\\/de\\\/#organization\",\"name\":\"MKWorkwear\",\"url\":\"https:\\\/\\\/www.mkworkwear.com\\\/de\\\/\",\"logo\":{\"@type\":\"ImageObject\",\"inLanguage\":\"de\",\"@id\":\"https:\\\/\\\/www.mkworkwear.com\\\/de\\\/#\\\/schema\\\/logo\\\/image\\\/\",\"url\":\"https:\\\/\\\/www.mkworkwear.com\\\/wp-content\\\/uploads\\\/2026\\\/02\\\/Logo-siyah.webp\",\"contentUrl\":\"https:\\\/\\\/www.mkworkwear.com\\\/wp-content\\\/uploads\\\/2026\\\/02\\\/Logo-siyah.webp\",\"width\":60,\"height\":60,\"caption\":\"MKWorkwear\"},\"image\":{\"@id\":\"https:\\\/\\\/www.mkworkwear.com\\\/de\\\/#\\\/schema\\\/logo\\\/image\\\/\"},\"sameAs\":[\"https:\\\/\\\/www.facebook.com\\\/mkworkwear\\\/\",\"https:\\\/\\\/www.instagram.com\\\/mkworkwearofficial\\\/\"]}]}<\/script>\n<!-- \/ Yoast SEO plugin. -->","yoast_head_json":{"title":"Gr\u00f6\u00dfentabelle | MKWorkwear","robots":{"index":"index","follow":"follow","max-snippet":"max-snippet:-1","max-image-preview":"max-image-preview:large","max-video-preview":"max-video-preview:-1"},"canonical":"https:\/\/www.mkworkwear.com\/de\/groessentabelle\/","og_locale":"de_DE","og_type":"article","og_title":"Gr\u00f6\u00dfentabelle | MKWorkwear","og_url":"https:\/\/www.mkworkwear.com\/de\/groessentabelle\/","og_site_name":"MKWorkwear","article_publisher":"https:\/\/www.facebook.com\/mkworkwear\/","article_modified_time":"2025-12-17T18:14:54+00:00","twitter_card":"summary_large_image","twitter_misc":{"Gesch\u00e4tzte Lesezeit":"3\u00a0Minuten"},"schema":{"@context":"https:\/\/schema.org","@graph":[{"@type":"WebPage","@id":"https:\/\/www.mkworkwear.com\/de\/groessentabelle\/","url":"https:\/\/www.mkworkwear.com\/de\/groessentabelle\/","name":"Gr\u00f6\u00dfentabelle | MKWorkwear","isPartOf":{"@id":"https:\/\/www.mkworkwear.com\/de\/#website"},"datePublished":"2025-04-10T16:24:47+00:00","dateModified":"2025-12-17T18:14:54+00:00","breadcrumb":{"@id":"https:\/\/www.mkworkwear.com\/de\/groessentabelle\/#breadcrumb"},"inLanguage":"de","potentialAction":[{"@type":"ReadAction","target":["https:\/\/www.mkworkwear.com\/de\/groessentabelle\/"]}]},{"@type":"BreadcrumbList","@id":"https:\/\/www.mkworkwear.com\/de\/groessentabelle\/#breadcrumb","itemListElement":[{"@type":"ListItem","position":1,"name":"Anasayfa","item":"https:\/\/www.mkworkwear.com\/de\/"},{"@type":"ListItem","position":2,"name":"Gr\u00f6\u00dfentabelle"}]},{"@type":"WebSite","@id":"https:\/\/www.mkworkwear.com\/de\/#website","url":"https:\/\/www.mkworkwear.com\/de\/","name":"MKWorkwear","description":"\u0130\u015f K\u0131yafetlerinde Lider Marka","publisher":{"@id":"https:\/\/www.mkworkwear.com\/de\/#organization"},"potentialAction":[{"@type":"SearchAction","target":{"@type":"EntryPoint","urlTemplate":"https:\/\/www.mkworkwear.com\/de\/?s={search_term_string}"},"query-input":{"@type":"PropertyValueSpecification","valueRequired":true,"valueName":"search_term_string"}}],"inLanguage":"de"},{"@type":"Organization","@id":"https:\/\/www.mkworkwear.com\/de\/#organization","name":"MKWorkwear","url":"https:\/\/www.mkworkwear.com\/de\/","logo":{"@type":"ImageObject","inLanguage":"de","@id":"https:\/\/www.mkworkwear.com\/de\/#\/schema\/logo\/image\/","url":"https:\/\/www.mkworkwear.com\/wp-content\/uploads\/2026\/02\/Logo-siyah.webp","contentUrl":"https:\/\/www.mkworkwear.com\/wp-content\/uploads\/2026\/02\/Logo-siyah.webp","width":60,"height":60,"caption":"MKWorkwear"},"image":{"@id":"https:\/\/www.mkworkwear.com\/de\/#\/schema\/logo\/image\/"},"sameAs":["https:\/\/www.facebook.com\/mkworkwear\/","https:\/\/www.instagram.com\/mkworkwearofficial\/"]}]}},"jetpack_sharing_enabled":true,"_links":{"self":[{"href":"https:\/\/www.mkworkwear.com\/de\/wp-json\/wp\/v2\/pages\/2836","targetHints":{"allow":["GET"]}}],"collection":[{"href":"https:\/\/www.mkworkwear.com\/de\/wp-json\/wp\/v2\/pages"}],"about":[{"href":"https:\/\/www.mkworkwear.com\/de\/wp-json\/wp\/v2\/types\/page"}],"author":[{"embeddable":true,"href":"https:\/\/www.mkworkwear.com\/de\/wp-json\/wp\/v2\/users\/16"}],"replies":[{"embeddable":true,"href":"https:\/\/www.mkworkwear.com\/de\/wp-json\/wp\/v2\/comments?post=2836"}],"version-history":[{"count":0,"href":"https:\/\/www.mkworkwear.com\/de\/wp-json\/wp\/v2\/pages\/2836\/revisions"}],"wp:attachment":[{"href":"https:\/\/www.mkworkwear.com\/de\/wp-json\/wp\/v2\/media?parent=2836"}],"curies":[{"name":"wp","href":"https:\/\/api.w.org\/{rel}","templated":true}]}}