{"id":2815,"date":"2025-04-29T22:58:53","date_gmt":"2025-04-29T19:58:53","guid":{"rendered":"https:\/\/www.mkworkwear.com\/sepet\/"},"modified":"2025-12-20T20:17:21","modified_gmt":"2025-12-20T17:17:21","slug":"warenkorb","status":"publish","type":"page","link":"https:\/\/www.mkworkwear.com\/de\/warenkorb\/","title":{"rendered":"Warenkorb"},"content":{"rendered":"\r\n\n  <div class=\"banner has-hover\" id=\"banner-687394387\">\n          <div class=\"banner-inner fill\">\n        <div class=\"banner-bg fill\" >\n            <img decoding=\"async\" width=\"1020\" height=\"453\" src=\"https:\/\/www.mkworkwear.com\/wp-content\/uploads\/2025\/05\/dekor-1-1400x622.jpg\" class=\"bg attachment-large size-large\" alt=\"\" \/>                                    \n                    <\/div>\n\t\t\n        <div class=\"banner-layers container\">\n            <div class=\"fill banner-link\"><\/div>               <div id=\"text-box-1900214101\" class=\"text-box banner-layer x50 md-x50 lg-x50 y50 md-y50 lg-y50 res-text\">\n                     <div data-animate=\"fadeIn\">           <div class=\"text-box-content text dark\">\n              \n              <div class=\"text-inner text-center\">\n                                 <\/div>\n           <\/div>\n       <\/div>                     \n<style>\n#text-box-1900214101 {\n  width: 60%;\n}\n#text-box-1900214101 .text-box-content {\n  font-size: 100%;\n}\n@media (min-width:550px) {\n  #text-box-1900214101 {\n    width: 60%;\n  }\n}\n<\/style>\n    <\/div>\n         <\/div>\n      <\/div>\n\n            \n<style>\n#banner-687394387 {\n  padding-top: 100px;\n}\n#banner-687394387 .banner-bg img {\n  object-position: 51% 0%;\n}\n<\/style>\n  <\/div>\n\n\r\n\r\n\r\n<div class=\"woocommerce\"><div class=\"text-center pt pb\">\n\t<div class=\"woocommerce-notices-wrapper\"><\/div><div class=\"wc-empty-cart-message\">\n\t<div class=\"woocommerce-info message-wrapper\" role=\"status\">\n\t\t<div class=\"message-container container medium-text-center\">\n\t\t\tDein Warenkorb ist gegenw\u00e4rtig leer.\t\t<\/div>\n\t<\/div>\n\t<\/div>\t\t<p class=\"return-to-shop\">\n\t\t\t<a class=\"button primary wc-backward\" href=\"https:\/\/www.mkworkwear.com\/de\/shop\/\">\n\t\t\t\tZur\u00fcck zum Shop\t\t\t<\/a>\n\t\t<\/p>\n\t<\/div>\n<\/div>\n","protected":false},"excerpt":{"rendered":"","protected":false},"author":16,"featured_media":0,"parent":0,"menu_order":0,"comment_status":"closed","ping_status":"closed","template":"page-transparent-header-light.php","meta":{"footnotes":""},"class_list":["post-2815","page","type-page","status-publish","hentry"],"yoast_head":"<!-- This site is optimized with the Yoast SEO plugin v27.5 - https:\/\/yoast.com\/product\/yoast-seo-wordpress\/ -->\n<title>Warenkorb | MKWorkwear<\/title>\n<meta name=\"robots\" content=\"index, follow, max-snippet:-1, max-image-preview:large, max-video-preview:-1\" \/>\n<link rel=\"canonical\" href=\"https:\/\/www.mkworkwear.com\/de\/warenkorb\/\" \/>\n<meta property=\"og:locale\" content=\"de_DE\" \/>\n<meta property=\"og:type\" content=\"article\" \/>\n<meta property=\"og:title\" content=\"Warenkorb | MKWorkwear\" \/>\n<meta property=\"og:url\" content=\"https:\/\/www.mkworkwear.com\/de\/warenkorb\/\" \/>\n<meta property=\"og:site_name\" content=\"MKWorkwear\" \/>\n<meta property=\"article:publisher\" content=\"https:\/\/www.facebook.com\/mkworkwear\/\" \/>\n<meta property=\"article:modified_time\" content=\"2025-12-20T17:17:21+00:00\" \/>\n<meta name=\"twitter:card\" content=\"summary_large_image\" \/>\n<meta name=\"twitter:label1\" content=\"Gesch\u00e4tzte Lesezeit\" \/>\n\t<meta name=\"twitter:data1\" content=\"1\u00a0Minute\" \/>\n<script type=\"application\/ld+json\" class=\"yoast-schema-graph\">{\"@context\":\"https:\\\/\\\/schema.org\",\"@graph\":[{\"@type\":\"WebPage\",\"@id\":\"https:\\\/\\\/www.mkworkwear.com\\\/de\\\/warenkorb\\\/\",\"url\":\"https:\\\/\\\/www.mkworkwear.com\\\/de\\\/warenkorb\\\/\",\"name\":\"Warenkorb | MKWorkwear\",\"isPartOf\":{\"@id\":\"https:\\\/\\\/www.mkworkwear.com\\\/de\\\/#website\"},\"datePublished\":\"2025-04-29T19:58:53+00:00\",\"dateModified\":\"2025-12-20T17:17:21+00:00\",\"breadcrumb\":{\"@id\":\"https:\\\/\\\/www.mkworkwear.com\\\/de\\\/warenkorb\\\/#breadcrumb\"},\"inLanguage\":\"de\",\"potentialAction\":[{\"@type\":\"ReadAction\",\"target\":[\"https:\\\/\\\/www.mkworkwear.com\\\/de\\\/warenkorb\\\/\"]}]},{\"@type\":\"BreadcrumbList\",\"@id\":\"https:\\\/\\\/www.mkworkwear.com\\\/de\\\/warenkorb\\\/#breadcrumb\",\"itemListElement\":[{\"@type\":\"ListItem\",\"position\":1,\"name\":\"Anasayfa\",\"item\":\"https:\\\/\\\/www.mkworkwear.com\\\/de\\\/\"},{\"@type\":\"ListItem\",\"position\":2,\"name\":\"Warenkorb\"}]},{\"@type\":\"WebSite\",\"@id\":\"https:\\\/\\\/www.mkworkwear.com\\\/de\\\/#website\",\"url\":\"https:\\\/\\\/www.mkworkwear.com\\\/de\\\/\",\"name\":\"MKWorkwear\",\"description\":\"\u0130\u015f K\u0131yafetlerinde Lider Marka\",\"publisher\":{\"@id\":\"https:\\\/\\\/www.mkworkwear.com\\\/de\\\/#organization\"},\"potentialAction\":[{\"@type\":\"SearchAction\",\"target\":{\"@type\":\"EntryPoint\",\"urlTemplate\":\"https:\\\/\\\/www.mkworkwear.com\\\/de\\\/?s={search_term_string}\"},\"query-input\":{\"@type\":\"PropertyValueSpecification\",\"valueRequired\":true,\"valueName\":\"search_term_string\"}}],\"inLanguage\":\"de\"},{\"@type\":\"Organization\",\"@id\":\"https:\\\/\\\/www.mkworkwear.com\\\/de\\\/#organization\",\"name\":\"MKWorkwear\",\"url\":\"https:\\\/\\\/www.mkworkwear.com\\\/de\\\/\",\"logo\":{\"@type\":\"ImageObject\",\"inLanguage\":\"de\",\"@id\":\"https:\\\/\\\/www.mkworkwear.com\\\/de\\\/#\\\/schema\\\/logo\\\/image\\\/\",\"url\":\"https:\\\/\\\/www.mkworkwear.com\\\/wp-content\\\/uploads\\\/2026\\\/02\\\/Logo-siyah.webp\",\"contentUrl\":\"https:\\\/\\\/www.mkworkwear.com\\\/wp-content\\\/uploads\\\/2026\\\/02\\\/Logo-siyah.webp\",\"width\":60,\"height\":60,\"caption\":\"MKWorkwear\"},\"image\":{\"@id\":\"https:\\\/\\\/www.mkworkwear.com\\\/de\\\/#\\\/schema\\\/logo\\\/image\\\/\"},\"sameAs\":[\"https:\\\/\\\/www.facebook.com\\\/mkworkwear\\\/\",\"https:\\\/\\\/www.instagram.com\\\/mkworkwearofficial\\\/\"]}]}<\/script>\n<!-- \/ Yoast SEO plugin. -->","yoast_head_json":{"title":"Warenkorb | MKWorkwear","robots":{"index":"index","follow":"follow","max-snippet":"max-snippet:-1","max-image-preview":"max-image-preview:large","max-video-preview":"max-video-preview:-1"},"canonical":"https:\/\/www.mkworkwear.com\/de\/warenkorb\/","og_locale":"de_DE","og_type":"article","og_title":"Warenkorb | MKWorkwear","og_url":"https:\/\/www.mkworkwear.com\/de\/warenkorb\/","og_site_name":"MKWorkwear","article_publisher":"https:\/\/www.facebook.com\/mkworkwear\/","article_modified_time":"2025-12-20T17:17:21+00:00","twitter_card":"summary_large_image","twitter_misc":{"Gesch\u00e4tzte Lesezeit":"1\u00a0Minute"},"schema":{"@context":"https:\/\/schema.org","@graph":[{"@type":"WebPage","@id":"https:\/\/www.mkworkwear.com\/de\/warenkorb\/","url":"https:\/\/www.mkworkwear.com\/de\/warenkorb\/","name":"Warenkorb | MKWorkwear","isPartOf":{"@id":"https:\/\/www.mkworkwear.com\/de\/#website"},"datePublished":"2025-04-29T19:58:53+00:00","dateModified":"2025-12-20T17:17:21+00:00","breadcrumb":{"@id":"https:\/\/www.mkworkwear.com\/de\/warenkorb\/#breadcrumb"},"inLanguage":"de","potentialAction":[{"@type":"ReadAction","target":["https:\/\/www.mkworkwear.com\/de\/warenkorb\/"]}]},{"@type":"BreadcrumbList","@id":"https:\/\/www.mkworkwear.com\/de\/warenkorb\/#breadcrumb","itemListElement":[{"@type":"ListItem","position":1,"name":"Anasayfa","item":"https:\/\/www.mkworkwear.com\/de\/"},{"@type":"ListItem","position":2,"name":"Warenkorb"}]},{"@type":"WebSite","@id":"https:\/\/www.mkworkwear.com\/de\/#website","url":"https:\/\/www.mkworkwear.com\/de\/","name":"MKWorkwear","description":"\u0130\u015f K\u0131yafetlerinde Lider Marka","publisher":{"@id":"https:\/\/www.mkworkwear.com\/de\/#organization"},"potentialAction":[{"@type":"SearchAction","target":{"@type":"EntryPoint","urlTemplate":"https:\/\/www.mkworkwear.com\/de\/?s={search_term_string}"},"query-input":{"@type":"PropertyValueSpecification","valueRequired":true,"valueName":"search_term_string"}}],"inLanguage":"de"},{"@type":"Organization","@id":"https:\/\/www.mkworkwear.com\/de\/#organization","name":"MKWorkwear","url":"https:\/\/www.mkworkwear.com\/de\/","logo":{"@type":"ImageObject","inLanguage":"de","@id":"https:\/\/www.mkworkwear.com\/de\/#\/schema\/logo\/image\/","url":"https:\/\/www.mkworkwear.com\/wp-content\/uploads\/2026\/02\/Logo-siyah.webp","contentUrl":"https:\/\/www.mkworkwear.com\/wp-content\/uploads\/2026\/02\/Logo-siyah.webp","width":60,"height":60,"caption":"MKWorkwear"},"image":{"@id":"https:\/\/www.mkworkwear.com\/de\/#\/schema\/logo\/image\/"},"sameAs":["https:\/\/www.facebook.com\/mkworkwear\/","https:\/\/www.instagram.com\/mkworkwearofficial\/"]}]}},"jetpack_sharing_enabled":true,"_links":{"self":[{"href":"https:\/\/www.mkworkwear.com\/de\/wp-json\/wp\/v2\/pages\/2815","targetHints":{"allow":["GET"]}}],"collection":[{"href":"https:\/\/www.mkworkwear.com\/de\/wp-json\/wp\/v2\/pages"}],"about":[{"href":"https:\/\/www.mkworkwear.com\/de\/wp-json\/wp\/v2\/types\/page"}],"author":[{"embeddable":true,"href":"https:\/\/www.mkworkwear.com\/de\/wp-json\/wp\/v2\/users\/16"}],"replies":[{"embeddable":true,"href":"https:\/\/www.mkworkwear.com\/de\/wp-json\/wp\/v2\/comments?post=2815"}],"version-history":[{"count":0,"href":"https:\/\/www.mkworkwear.com\/de\/wp-json\/wp\/v2\/pages\/2815\/revisions"}],"wp:attachment":[{"href":"https:\/\/www.mkworkwear.com\/de\/wp-json\/wp\/v2\/media?parent=2815"}],"curies":[{"name":"wp","href":"https:\/\/api.w.org\/{rel}","templated":true}]}}