{"id":2779,"date":"2013-08-11T19:06:15","date_gmt":"2013-08-11T16:06:15","guid":{"rendered":"https:\/\/www.mkworkwear.com\/ueber-uns\/"},"modified":"2025-12-20T20:09:09","modified_gmt":"2025-12-20T17:09:09","slug":"ueber-uns","status":"publish","type":"page","link":"https:\/\/www.mkworkwear.com\/de\/ueber-uns\/","title":{"rendered":"\u00dcber uns"},"content":{"rendered":"\n\n\t<section class=\"section dark\" id=\"section_495062271\">\n\t\t<div class=\"section-bg fill\" >\n\t\t\t<img decoding=\"async\" width=\"1800\" height=\"800\" src=\"https:\/\/www.mkworkwear.com\/wp-content\/uploads\/2025\/05\/dekor.jpg\" class=\"bg attachment-original size-original\" alt=\"\" \/>\t\t\t\t\t\t<div class=\"section-bg-overlay absolute fill\"><\/div>\n\t\t\t\n\n\t\t<\/div>\n\n\t\t\n\n\t\t<div class=\"section-content relative\">\n\t\t\t\n\n\t<div id=\"gap-1707222895\" class=\"gap-element clearfix\" style=\"display:block; height:auto;\">\n\t\t\n<style>\n#gap-1707222895 {\n  padding-top: 100px;\n}\n@media (min-width:550px) {\n  #gap-1707222895 {\n    padding-top: 30px;\n  }\n}\n<\/style>\n\t<\/div>\n\t\n\n<div class=\"row align-center\"  id=\"row-1954133825\">\n\n\n\t<div id=\"col-819825738\" class=\"col medium-7 small-12 large-8\"  >\n\t\t\t\t<div class=\"col-inner text-center\"  >\n\t\t\t\n\t\t\t\n\n\t<div id=\"text-2416844103\" class=\"text\">\n\t\t\n\n<h1>\u00dcber uns<\/h1>\n\t\t\n<style>\n#text-2416844103 {\n  font-size: 1.75rem;\n}\n<\/style>\n\t<\/div>\n\t\n<p>Bei MK Workwear<br>vereinen wir Qualit\u00e4t, Stil und Komfort in unserer Arbeitskleidung. Wir bieten Ihnen nicht nur Arbeitskleidung, sondern auch individuelle Designs, die Ihren Beruf und Ihren Stil widerspiegeln. Wir produzieren f\u00fcr Profis in allen Bereichen, von der K\u00fcche bis zum Service, von der Produktion bis zum Au\u00dfendienst.<\/p>\n\n\t\t<\/div>\n\t\t\t\t\t<\/div>\n\n\t\n\n<\/div>\n\n\t\t<\/div>\n\n\t\t\n<style>\n#section_495062271 {\n  padding-top: 30px;\n  padding-bottom: 30px;\n  min-height: 290px;\n}\n#section_495062271 .section-bg-overlay {\n  background-color: rgba(0, 0, 0, 0.16);\n}\n#section_495062271 .section-bg img {\n  object-position: 39% 0%;\n}\n@media (min-width:550px) {\n  #section_495062271 {\n    min-height: 600px;\n  }\n}\n<\/style>\n\t<\/section>\n\t\n\n\t<section class=\"section\" id=\"section_2093668987\">\n\t\t<div class=\"section-bg fill\" >\n\t\t\t\t\t\t\t\t\t\n\t\t\t\n\n\t\t<\/div>\n\n\t\t\n\n\t\t<div class=\"section-content relative\">\n\t\t\t\n\n\t<div id=\"gap-2044358923\" class=\"gap-element clearfix\" style=\"display:block; height:auto;\">\n\t\t\n<style>\n#gap-2044358923 {\n  padding-top: 30px;\n}\n<\/style>\n\t<\/div>\n\t\n\n<div class=\"row row-large row-full-width\"  id=\"row-1024404681\">\n\n\n\t<div id=\"col-1797151764\" class=\"col medium-4 small-12 large-4\"  >\n\t\t\t\t<div class=\"col-inner text-center\"  >\n\t\t\t\n\t\t\t\n\n<h3>Unsere Mission<\/h3>\n<p>Wir produzieren Arbeitskleidung f\u00fcr jeden Sektor \u2013 mit hochwertigen Stoffen, modernem Design und maximalem Tragekomfort. Unser Hauptziel ist es, das Gesch\u00e4ftsleben komfortabler und stilvoller zu gestalten, indem wir elegante und langlebige Produkte entwerfen, die den Bed\u00fcrfnissen unserer Kunden entsprechen.<\/p>\n\n\t\t<\/div>\n\t\t\t\t\t<\/div>\n\n\t\n\n\t<div id=\"col-1932638908\" class=\"col medium-4 small-12 large-4\"  >\n\t\t\t\t<div class=\"col-inner text-center\"  >\n\t\t\t\n\t\t\t\n\n<h3>Unsere Ziele<\/h3>\n<p>Unser Ziel ist es, eine der beliebtesten Marken f\u00fcr Arbeitskleidung in der T\u00fcrkei zu werden.<br data-start=\"740\" data-end=\"743\">Wir wollen Design und Qualit\u00e4t f\u00fcr alle zug\u00e4nglich machen.<br data-start=\"792\" data-end=\"795\">Wir wollen die Branche mit innovativen und kundenorientierten L\u00f6sungen anf\u00fchren.<\/p>\n\n\t\t<\/div>\n\t\t\t\t\t<\/div>\n\n\t\n\n\t<div id=\"col-288247456\" class=\"col medium-4 small-12 large-4\"  >\n\t\t\t\t<div class=\"col-inner text-center\"  >\n\t\t\t\n\t\t\t\n\n<h3>Wer ist MKWorkwear?<\/h3>\n<p class=\"\" data-start=\"888\" data-end=\"1157\">Wir lieben unseren Job. Wir verwandeln Arbeitskleidung von gew\u00f6hnlich zu stilvoll. Mit einer breiten Produktpalette von Kochjacken und Sch\u00fcrzen \u00fcber Mitarbeiter-T-Shirts bis hin zu individuellen Designs bedienen wir sowohl Firmenkunden als auch Privatkunden.<\/p>\n\n\t\t<\/div>\n\t\t\t\t\t<\/div>\n\n\t\n\n<\/div>\n\n\t\t<\/div>\n\n\t\t\n<style>\n#section_2093668987 {\n  padding-top: 20px;\n  padding-bottom: 20px;\n}\n@media (min-width:550px) {\n  #section_2093668987 {\n    padding-top: 55px;\n    padding-bottom: 55px;\n  }\n}\n<\/style>\n\t<\/section>\n\t\n\n","protected":false},"excerpt":{"rendered":"","protected":false},"author":16,"featured_media":0,"parent":0,"menu_order":0,"comment_status":"closed","ping_status":"closed","template":"page-transparent-header-light.php","meta":{"footnotes":""},"class_list":["post-2779","page","type-page","status-publish","hentry"],"yoast_head":"<!-- This site is optimized with the Yoast SEO plugin v27.5 - https:\/\/yoast.com\/product\/yoast-seo-wordpress\/ -->\n<title>\u00dcber uns | MKWorkwear<\/title>\n<meta name=\"robots\" content=\"index, follow, max-snippet:-1, max-image-preview:large, max-video-preview:-1\" \/>\n<link rel=\"canonical\" href=\"https:\/\/www.mkworkwear.com\/de\/ueber-uns\/\" \/>\n<meta property=\"og:locale\" content=\"de_DE\" \/>\n<meta property=\"og:type\" content=\"article\" \/>\n<meta property=\"og:title\" content=\"\u00dcber uns | MKWorkwear\" \/>\n<meta property=\"og:url\" content=\"https:\/\/www.mkworkwear.com\/de\/ueber-uns\/\" \/>\n<meta property=\"og:site_name\" content=\"MKWorkwear\" \/>\n<meta property=\"article:publisher\" content=\"https:\/\/www.facebook.com\/mkworkwear\/\" \/>\n<meta property=\"article:modified_time\" content=\"2025-12-20T17:09:09+00:00\" \/>\n<meta name=\"twitter:card\" content=\"summary_large_image\" \/>\n<meta name=\"twitter:label1\" content=\"Gesch\u00e4tzte Lesezeit\" \/>\n\t<meta name=\"twitter:data1\" content=\"1\u00a0Minute\" \/>\n<script type=\"application\/ld+json\" class=\"yoast-schema-graph\">{\"@context\":\"https:\\\/\\\/schema.org\",\"@graph\":[{\"@type\":\"WebPage\",\"@id\":\"https:\\\/\\\/www.mkworkwear.com\\\/de\\\/ueber-uns\\\/\",\"url\":\"https:\\\/\\\/www.mkworkwear.com\\\/de\\\/ueber-uns\\\/\",\"name\":\"\u00dcber uns | MKWorkwear\",\"isPartOf\":{\"@id\":\"https:\\\/\\\/www.mkworkwear.com\\\/de\\\/#website\"},\"datePublished\":\"2013-08-11T16:06:15+00:00\",\"dateModified\":\"2025-12-20T17:09:09+00:00\",\"breadcrumb\":{\"@id\":\"https:\\\/\\\/www.mkworkwear.com\\\/de\\\/ueber-uns\\\/#breadcrumb\"},\"inLanguage\":\"de\",\"potentialAction\":[{\"@type\":\"ReadAction\",\"target\":[\"https:\\\/\\\/www.mkworkwear.com\\\/de\\\/ueber-uns\\\/\"]}]},{\"@type\":\"BreadcrumbList\",\"@id\":\"https:\\\/\\\/www.mkworkwear.com\\\/de\\\/ueber-uns\\\/#breadcrumb\",\"itemListElement\":[{\"@type\":\"ListItem\",\"position\":1,\"name\":\"Anasayfa\",\"item\":\"https:\\\/\\\/www.mkworkwear.com\\\/de\\\/\"},{\"@type\":\"ListItem\",\"position\":2,\"name\":\"\u00dcber uns\"}]},{\"@type\":\"WebSite\",\"@id\":\"https:\\\/\\\/www.mkworkwear.com\\\/de\\\/#website\",\"url\":\"https:\\\/\\\/www.mkworkwear.com\\\/de\\\/\",\"name\":\"MKWorkwear\",\"description\":\"\u0130\u015f K\u0131yafetlerinde Lider Marka\",\"publisher\":{\"@id\":\"https:\\\/\\\/www.mkworkwear.com\\\/de\\\/#organization\"},\"potentialAction\":[{\"@type\":\"SearchAction\",\"target\":{\"@type\":\"EntryPoint\",\"urlTemplate\":\"https:\\\/\\\/www.mkworkwear.com\\\/de\\\/?s={search_term_string}\"},\"query-input\":{\"@type\":\"PropertyValueSpecification\",\"valueRequired\":true,\"valueName\":\"search_term_string\"}}],\"inLanguage\":\"de\"},{\"@type\":\"Organization\",\"@id\":\"https:\\\/\\\/www.mkworkwear.com\\\/de\\\/#organization\",\"name\":\"MKWorkwear\",\"url\":\"https:\\\/\\\/www.mkworkwear.com\\\/de\\\/\",\"logo\":{\"@type\":\"ImageObject\",\"inLanguage\":\"de\",\"@id\":\"https:\\\/\\\/www.mkworkwear.com\\\/de\\\/#\\\/schema\\\/logo\\\/image\\\/\",\"url\":\"https:\\\/\\\/www.mkworkwear.com\\\/wp-content\\\/uploads\\\/2026\\\/02\\\/Logo-siyah.webp\",\"contentUrl\":\"https:\\\/\\\/www.mkworkwear.com\\\/wp-content\\\/uploads\\\/2026\\\/02\\\/Logo-siyah.webp\",\"width\":60,\"height\":60,\"caption\":\"MKWorkwear\"},\"image\":{\"@id\":\"https:\\\/\\\/www.mkworkwear.com\\\/de\\\/#\\\/schema\\\/logo\\\/image\\\/\"},\"sameAs\":[\"https:\\\/\\\/www.facebook.com\\\/mkworkwear\\\/\",\"https:\\\/\\\/www.instagram.com\\\/mkworkwearofficial\\\/\"]}]}<\/script>\n<!-- \/ Yoast SEO plugin. -->","yoast_head_json":{"title":"\u00dcber uns | MKWorkwear","robots":{"index":"index","follow":"follow","max-snippet":"max-snippet:-1","max-image-preview":"max-image-preview:large","max-video-preview":"max-video-preview:-1"},"canonical":"https:\/\/www.mkworkwear.com\/de\/ueber-uns\/","og_locale":"de_DE","og_type":"article","og_title":"\u00dcber uns | MKWorkwear","og_url":"https:\/\/www.mkworkwear.com\/de\/ueber-uns\/","og_site_name":"MKWorkwear","article_publisher":"https:\/\/www.facebook.com\/mkworkwear\/","article_modified_time":"2025-12-20T17:09:09+00:00","twitter_card":"summary_large_image","twitter_misc":{"Gesch\u00e4tzte Lesezeit":"1\u00a0Minute"},"schema":{"@context":"https:\/\/schema.org","@graph":[{"@type":"WebPage","@id":"https:\/\/www.mkworkwear.com\/de\/ueber-uns\/","url":"https:\/\/www.mkworkwear.com\/de\/ueber-uns\/","name":"\u00dcber uns | MKWorkwear","isPartOf":{"@id":"https:\/\/www.mkworkwear.com\/de\/#website"},"datePublished":"2013-08-11T16:06:15+00:00","dateModified":"2025-12-20T17:09:09+00:00","breadcrumb":{"@id":"https:\/\/www.mkworkwear.com\/de\/ueber-uns\/#breadcrumb"},"inLanguage":"de","potentialAction":[{"@type":"ReadAction","target":["https:\/\/www.mkworkwear.com\/de\/ueber-uns\/"]}]},{"@type":"BreadcrumbList","@id":"https:\/\/www.mkworkwear.com\/de\/ueber-uns\/#breadcrumb","itemListElement":[{"@type":"ListItem","position":1,"name":"Anasayfa","item":"https:\/\/www.mkworkwear.com\/de\/"},{"@type":"ListItem","position":2,"name":"\u00dcber uns"}]},{"@type":"WebSite","@id":"https:\/\/www.mkworkwear.com\/de\/#website","url":"https:\/\/www.mkworkwear.com\/de\/","name":"MKWorkwear","description":"\u0130\u015f K\u0131yafetlerinde Lider Marka","publisher":{"@id":"https:\/\/www.mkworkwear.com\/de\/#organization"},"potentialAction":[{"@type":"SearchAction","target":{"@type":"EntryPoint","urlTemplate":"https:\/\/www.mkworkwear.com\/de\/?s={search_term_string}"},"query-input":{"@type":"PropertyValueSpecification","valueRequired":true,"valueName":"search_term_string"}}],"inLanguage":"de"},{"@type":"Organization","@id":"https:\/\/www.mkworkwear.com\/de\/#organization","name":"MKWorkwear","url":"https:\/\/www.mkworkwear.com\/de\/","logo":{"@type":"ImageObject","inLanguage":"de","@id":"https:\/\/www.mkworkwear.com\/de\/#\/schema\/logo\/image\/","url":"https:\/\/www.mkworkwear.com\/wp-content\/uploads\/2026\/02\/Logo-siyah.webp","contentUrl":"https:\/\/www.mkworkwear.com\/wp-content\/uploads\/2026\/02\/Logo-siyah.webp","width":60,"height":60,"caption":"MKWorkwear"},"image":{"@id":"https:\/\/www.mkworkwear.com\/de\/#\/schema\/logo\/image\/"},"sameAs":["https:\/\/www.facebook.com\/mkworkwear\/","https:\/\/www.instagram.com\/mkworkwearofficial\/"]}]}},"jetpack_sharing_enabled":true,"_links":{"self":[{"href":"https:\/\/www.mkworkwear.com\/de\/wp-json\/wp\/v2\/pages\/2779","targetHints":{"allow":["GET"]}}],"collection":[{"href":"https:\/\/www.mkworkwear.com\/de\/wp-json\/wp\/v2\/pages"}],"about":[{"href":"https:\/\/www.mkworkwear.com\/de\/wp-json\/wp\/v2\/types\/page"}],"author":[{"embeddable":true,"href":"https:\/\/www.mkworkwear.com\/de\/wp-json\/wp\/v2\/users\/16"}],"replies":[{"embeddable":true,"href":"https:\/\/www.mkworkwear.com\/de\/wp-json\/wp\/v2\/comments?post=2779"}],"version-history":[{"count":0,"href":"https:\/\/www.mkworkwear.com\/de\/wp-json\/wp\/v2\/pages\/2779\/revisions"}],"wp:attachment":[{"href":"https:\/\/www.mkworkwear.com\/de\/wp-json\/wp\/v2\/media?parent=2779"}],"curies":[{"name":"wp","href":"https:\/\/api.w.org\/{rel}","templated":true}]}}